{"id":1825,"date":"2025-10-21T13:49:15","date_gmt":"2025-10-21T13:49:15","guid":{"rendered":"https:\/\/legiergroup.info\/?page_id=1825"},"modified":"2025-10-21T14:08:21","modified_gmt":"2025-10-21T14:08:21","slug":"%d1%81%d0%ba%d0%b0%d0%bd%d0%b4%d0%b0%d0%bb%d1%8c%d0%bd%d0%b0-%d1%82%d0%be%d1%80%d0%b3%d1%96%d0%b2%d0%bb%d1%8f","status":"publish","type":"page","link":"https:\/\/legiergroup.info\/uk\/scandic-trade\/","title":{"rendered":"Scandic Trade"},"content":{"rendered":"<div data-elementor-type=\"wp-page\" data-elementor-id=\"1825\" class=\"elementor elementor-1825\" data-elementor-post-type=\"page\">\n\t\t\t\t<div class=\"elementor-element elementor-element-24ad50c e-flex e-con-boxed e-con e-parent\" data-id=\"24ad50c\" data-element_type=\"container\" data-e-type=\"container\">\n\t\t\t\t\t<div class=\"e-con-inner\">\n\t\t\t\t<div class=\"elementor-element elementor-element-9111cd0 elementor-widget elementor-widget-text-editor\" data-id=\"9111cd0\" data-element_type=\"widget\" data-e-type=\"widget\" data-widget_type=\"text-editor.default\">\n\t\t\t\t\t\t\t\t\t<div class=\"elementor-scandictrade-section\">\n\n  <div>\n    <img decoding=\"async\" class=\"gold_image\" src=\"https:\/\/legiergroup.info\/wp-content\/uploads\/2025\/09\/final-scandic-trade-PNG.png\" width=\"100%\" alt=\"SCANDIC TRADE\" \/>\n  <\/div>\n\n  <h1 class=\"text-center\">ScandicTrade by Legier<\/h1>\n\n  <p class=\"fs-4 fw-bold text-center\">\n    SCANDIC TRADE - \u0446\u0435 \u043d\u043e\u0432\u0438\u0439 \u0431\u0456\u0437\u043d\u0435\u0441-\u043f\u0456\u0434\u0440\u043e\u0437\u0434\u0456\u043b \u043a\u0456\u043f\u0440\u0441\u044c\u043a\u043e\u0457 \u0456\u043d\u0432\u0435\u0441\u0442\u0438\u0446\u0456\u0439\u043d\u043e\u0457 \u043a\u043e\u043c\u043f\u0430\u043d\u0456\u0457 (CIF) \u0443 \u0441\u043f\u0456\u0432\u043f\u0440\u0430\u0446\u0456 \u0437 LEGIER Beteiligungs mbH.\n    \u041d\u0430\u0440\u0430\u0437\u0456 \u043f\u043b\u0430\u0442\u0444\u043e\u0440\u043c\u0430 \u0440\u0435\u0433\u0443\u043b\u044e\u0454\u0442\u044c\u0441\u044f \u041a\u0456\u043f\u0440\u0441\u044c\u043a\u043e\u044e \u043a\u043e\u043c\u0456\u0441\u0456\u0454\u044e \u0437 \u0446\u0456\u043d\u043d\u0438\u0445 \u043f\u0430\u043f\u0435\u0440\u0456\u0432 Securities Exchange Commission (CySEC), \u0449\u043e \u0441\u0442\u0432\u043e\u0440\u044e\u0454 \u0434\u043e\u0432\u0456\u0440\u0443 \u0442\u0430 \u0430\u0432\u0442\u043e\u0440\u0438\u0442\u0435\u0442.\n  <\/p>\n\n  <h2>\u0420\u0456\u0437\u043d\u043e\u043c\u0430\u043d\u0456\u0442\u043d\u0456 \u0442\u043e\u0440\u0433\u043e\u0432\u0456 \u043c\u043e\u0436\u043b\u0438\u0432\u043e\u0441\u0442\u0456<\/h2>\n  <p>SCANDIC TRADE \u043f\u0440\u043e\u043f\u043e\u043d\u0443\u0454 \u0448\u0438\u0440\u043e\u043a\u0438\u0439 \u0441\u043f\u0435\u043a\u0442\u0440 \u0444\u0456\u043d\u0430\u043d\u0441\u043e\u0432\u0438\u0445 \u0456\u043d\u0441\u0442\u0440\u0443\u043c\u0435\u043d\u0442\u0456\u0432:<\/p>\n  <ul>\n    <li><strong>\u0410\u043a\u0446\u0456\u0457 \u0442\u0430 \u0456\u043d\u0434\u0435\u043a\u0441\u0438:<\/strong> CFD \u043d\u0430 \u0456\u043d\u0434\u0435\u043a\u0441\u0438 DAX, Dow Jones \u0442\u0430 \u0430\u043a\u0446\u0456\u0457 \u0442\u0430\u043a\u0438\u0445 \u043a\u043e\u043c\u043f\u0430\u043d\u0456\u0439, \u044f\u043a Apple \u0430\u0431\u043e SAP.<\/li>\n    <li><strong>\u0424\u043e\u0440\u0435\u043a\u0441:<\/strong> \u0422\u043e\u0440\u0433\u0456\u0432\u043b\u044f \u0432\u0430\u043b\u044e\u0442\u043d\u0438\u043c\u0438 \u043f\u0430\u0440\u0430\u043c\u0438, \u0441\u043f\u0440\u0435\u0434\u0438 \u0432\u0456\u0434 0 \u043f\u0443\u043d\u043a\u0442\u0456\u0432.<\/li>\n    <li><strong>\u041c\u0435\u0442\u0430\u043b\u0438:<\/strong> \u0417\u043e\u043b\u043e\u0442\u043e, \u0441\u0440\u0456\u0431\u043b\u043e \u0442\u0430 \u043f\u043b\u0430\u0442\u0438\u043d\u0430 \u0434\u043b\u044f \u0434\u0438\u0432\u0435\u0440\u0441\u0438\u0444\u0456\u043a\u0430\u0446\u0456\u0457.<\/li>\n    <li><strong>\u0421\u0438\u0440\u043e\u0432\u0438\u043d\u0430 \u0442\u0430 \u0435\u043d\u0435\u0440\u0433\u0456\u044f:<\/strong> CFD \u043d\u0430 \u043d\u0430\u0444\u0442\u0443 \u0442\u0430 \u0456\u043d\u0448\u0456 \u0440\u0438\u043d\u043a\u0438.<\/li>\n    <li><strong>\u0424'\u044e\u0447\u0435\u0440\u0441\u0438:<\/strong> \u0406\u043d\u0434\u0435\u043a\u0441 \u041d\u0456\u043c\u0435\u0447\u0447\u0438\u043d\u0438 40 \u0430\u0431\u043e 10-\u0440\u0456\u0447\u043d\u0456 \u043e\u0431\u043b\u0456\u0433\u0430\u0446\u0456\u0457 \u0421\u0428\u0410.<\/li>\n    <li><strong>\u041a\u0440\u0438\u043f\u0442\u043e\u0432\u0430\u043b\u044e\u0442\u0438:<\/strong> Bitcoin, Ethereum, Solana \u0442\u0430 \u0456\u043d\u0448\u0456.<\/li>\n  <\/ul>\n  <p>\u0422\u0430\u043a\u0435 \u0440\u043e\u0437\u043c\u0430\u0457\u0442\u0442\u044f \u0434\u043e\u0437\u0432\u043e\u043b\u044f\u0454 \u043a\u043e\u0440\u0438\u0441\u0442\u0443\u0432\u0430\u0447\u0430\u043c \u0434\u0438\u0432\u0435\u0440\u0441\u0438\u0444\u0456\u043a\u0443\u0432\u0430\u0442\u0438 \u043f\u043e\u0440\u0442\u0444\u0435\u043b\u0456 \u0442\u0430 \u043e\u0442\u0440\u0438\u043c\u0443\u0432\u0430\u0442\u0438 \u0432\u0438\u0433\u043e\u0434\u0443 \u0432\u0456\u0434 \u0440\u0438\u043d\u043a\u043e\u0432\u0438\u0445 \u0437\u043c\u0456\u043d.<\/p>\n\n  <h2>\u0414\u043e\u0441\u0442\u0443\u043f\u043d\u0456\u0441\u0442\u044c \u0442\u0430 \u0441\u043f\u0456\u043b\u044c\u043d\u043e\u0442\u0430<\/h2>\n  <p>\u041f\u043b\u0430\u0442\u0444\u043e\u0440\u043c\u0430 \u0440\u043e\u0431\u0438\u0442\u044c \u0442\u043e\u0440\u0433\u0456\u0432\u043b\u044e \u043f\u0440\u043e\u0441\u0442\u043e\u044e, \u0437\u0440\u043e\u0437\u0443\u043c\u0456\u043b\u043e\u044e \u0456 \u0437\u0430\u0445\u043e\u043f\u043b\u044e\u044e\u0447\u043e\u044e - \u044f\u043a \u0434\u043b\u044f \u043f\u043e\u0447\u0430\u0442\u043a\u0456\u0432\u0446\u0456\u0432, \u0442\u0430\u043a \u0456 \u0434\u043b\u044f \u043f\u0440\u043e\u0444\u0435\u0441\u0456\u043e\u043d\u0430\u043b\u0456\u0432. SCANDIC TRADE \u0441\u043f\u0440\u0438\u044f\u0454 \u0440\u043e\u0437\u0432\u0438\u0442\u043a\u0443 \u0433\u043b\u043e\u0431\u0430\u043b\u044c\u043d\u043e\u0457 \u0441\u043f\u0456\u043b\u044c\u043d\u043e\u0442\u0438, \u0432 \u044f\u043a\u0456\u0439 \u0432\u0456\u0434\u0431\u0443\u0432\u0430\u0454\u0442\u044c\u0441\u044f \u043e\u0431\u043c\u0456\u043d \u0437\u043d\u0430\u043d\u043d\u044f\u043c\u0438 \u0437 \u043c\u0435\u0442\u043e\u044e \u0441\u043f\u0456\u043b\u044c\u043d\u043e\u0433\u043e \u0443\u0441\u043f\u0456\u0448\u043d\u043e\u0433\u043e \u0456\u043d\u0432\u0435\u0441\u0442\u0443\u0432\u0430\u043d\u043d\u044f. \u041e\u0441\u0432\u0456\u0442\u0430 \u0454 \u043f\u0440\u0456\u043e\u0440\u0438\u0442\u0435\u0442\u043e\u043c: \u0456\u043d\u0432\u0435\u0441\u0442\u0438\u0446\u0456\u0439\u043d\u0435 \u0441\u043f\u0456\u0432\u0442\u043e\u0432\u0430\u0440\u0438\u0441\u0442\u0432\u043e \u043f\u0456\u0434\u0442\u0440\u0438\u043c\u0443\u0454 \u043e\u0431\u043c\u0456\u043d \u043c\u0456\u0436 \u043f\u043e\u0447\u0430\u0442\u043a\u0456\u0432\u0446\u044f\u043c\u0438 \u0442\u0430 \u0435\u043a\u0441\u043f\u0435\u0440\u0442\u0430\u043c\u0438 \u0437 \u043c\u0435\u0442\u043e\u044e \u0437\u0431\u0456\u043b\u044c\u0448\u0435\u043d\u043d\u044f \u0437\u043d\u0430\u043d\u044c \u0456 \u043f\u0440\u043e\u0446\u0432\u0456\u0442\u0430\u043d\u043d\u044f.<\/p>\n\n  <h2>\u0406\u043d\u043d\u043e\u0432\u0430\u0446\u0456\u0439\u043d\u0430 \u0442\u0435\u0445\u043d\u043e\u043b\u043e\u0433\u0456\u044f<\/h2>\n  <p>SCANDIC TRADE \u043f\u0440\u043e\u043f\u043e\u043d\u0443\u0454 \u0456\u043d\u0442\u0443\u0457\u0442\u0438\u0432\u043d\u043e \u0437\u0440\u043e\u0437\u0443\u043c\u0456\u043b\u0443 \u043f\u043b\u0430\u0442\u0444\u043e\u0440\u043c\u0443 \u0437 \u043f\u0440\u043e\u0444\u0435\u0441\u0456\u0439\u043d\u0438\u043c\u0438 \u0456\u043d\u0441\u0442\u0440\u0443\u043c\u0435\u043d\u0442\u0430\u043c\u0438 \u0434\u043b\u044f \u0432\u0441\u0456\u0445 \u0440\u0456\u0432\u043d\u0456\u0432 \u0434\u043e\u0441\u0432\u0456\u0434\u0443. \u0421\u0435\u0440\u0435\u0434 \u043e\u0441\u043d\u043e\u0432\u043d\u0438\u0445 \u043c\u043e\u043c\u0435\u043d\u0442\u0456\u0432 - \u0456\u043d\u0442\u0435\u043b\u0435\u043a\u0442\u0443\u0430\u043b\u044c\u043d\u0456 \u043f\u043e\u0440\u0442\u0444\u0435\u043b\u0456, \u044f\u043a\u0456 \u043e\u0431'\u0454\u0434\u043d\u0443\u044e\u0442\u044c \u0430\u043a\u0442\u0438\u0432\u0438 \u0432\u0456\u0434\u043f\u043e\u0432\u0456\u0434\u043d\u043e \u0434\u043e \u0442\u0430\u043a\u0438\u0445 \u0442\u0435\u043c, \u044f\u043a 5G \u0430\u0431\u043e \u0432\u0456\u0434\u043d\u043e\u0432\u043b\u044e\u0432\u0430\u043d\u0456 \u0434\u0436\u0435\u0440\u0435\u043b\u0430 \u0435\u043d\u0435\u0440\u0433\u0456\u0457. \u0412\u043e\u043d\u0438 \u0432\u0438\u043a\u043e\u0440\u0438\u0441\u0442\u043e\u0432\u0443\u044e\u0442\u044c \u0430\u043b\u0433\u043e\u0440\u0438\u0442\u043c\u0438, \u043c\u0430\u0448\u0438\u043d\u043d\u0435 \u043d\u0430\u0432\u0447\u0430\u043d\u043d\u044f \u0442\u0430 \u0448\u0442\u0443\u0447\u043d\u0438\u0439 \u0456\u043d\u0442\u0435\u043b\u0435\u043a\u0442 \u0434\u043b\u044f \u0430\u0434\u0430\u043f\u0442\u0430\u0446\u0456\u0457 \u0441\u0442\u0440\u0430\u0442\u0435\u0433\u0456\u0439 \u0434\u043e \u0440\u0438\u043d\u043a\u043e\u0432\u0438\u0445 \u0443\u043c\u043e\u0432. \u0410\u0441\u043e\u0440\u0442\u0438\u043c\u0435\u043d\u0442 \u0446\u0438\u0444\u0440\u043e\u0432\u0438\u0445 \u0430\u043a\u0442\u0438\u0432\u0456\u0432, \u0442\u0430\u043a\u0438\u0445 \u044f\u043a Ether \u0430\u0431\u043e Litecoin, \u043f\u043e\u0441\u0442\u0456\u0439\u043d\u043e \u0437\u0440\u043e\u0441\u0442\u0430\u0454.<\/p>\n\n  <h2>\u041b\u043e\u043a\u0430\u043b\u044c\u043d\u0456 \u043f\u0435\u0440\u0435\u0432\u0430\u0433\u0438<\/h2>\n  <p>\u0420\u0430\u0445\u0443\u043d\u043a\u0438 \u0443 \u0444\u0443\u043d\u0442\u0430\u0445 \u0441\u0442\u0435\u0440\u043b\u0456\u043d\u0433\u0456\u0432, \u0454\u0432\u0440\u043e \u0442\u0430 \u0434\u043e\u043b\u0430\u0440\u0430\u0445 \u0421\u0428\u0410 \u0434\u043e\u0437\u0432\u043e\u043b\u044f\u044e\u0442\u044c \u0443\u043d\u0438\u043a\u043d\u0443\u0442\u0438 \u043a\u043e\u043c\u0456\u0441\u0456\u0439 \u0437\u0430 \u043a\u043e\u043d\u0432\u0435\u0440\u0442\u0430\u0446\u0456\u044e \u0442\u0430 \u043d\u0430\u0434\u0430\u044e\u0442\u044c \u043c\u043e\u0436\u043b\u0438\u0432\u0456\u0441\u0442\u044c \u0442\u043e\u0440\u0433\u0443\u0432\u0430\u0442\u0438 \u043d\u0430 \u043c\u0456\u0441\u0446\u0435\u0432\u043e\u043c\u0443 \u0440\u0438\u043d\u043a\u0443. \u041a\u043b\u0456\u0454\u043d\u0442\u0438 \u043e\u0442\u0440\u0438\u043c\u0443\u044e\u0442\u044c \u0434\u0435\u0431\u0435\u0442\u043e\u0432\u0443 \u043a\u0430\u0440\u0442\u043a\u0443 SCANDIC-TRADE \u0434\u043b\u044f \u043b\u0435\u0433\u043a\u043e\u0433\u043e \u0434\u043e\u0441\u0442\u0443\u043f\u0443 \u0434\u043e \u0441\u0432\u043e\u0457\u0445 \u043a\u043e\u0448\u0442\u0456\u0432.<\/p>\n\n  <h2>\u0422\u043e\u0440\u0433\u0456\u0432\u043b\u044f \u043a\u0432\u043e\u0442\u0430\u043c\u0438 \u043d\u0430 \u0432\u0438\u043a\u0438\u0434\u0438<\/h2>\n  <p>SCANDIC TRADE \u0434\u043e\u0437\u0432\u043e\u043b\u044f\u0454 \u0442\u043e\u0440\u0433\u0443\u0432\u0430\u0442\u0438 \u0441\u0435\u0440\u0442\u0438\u0444\u0456\u043a\u0430\u0442\u0430\u043c\u0438 \u043d\u0430 \u0432\u0438\u043a\u0438\u0434\u0438 CO\u2082, \u043f\u043e\u0434\u0456\u0431\u043d\u043e \u0434\u043e \u0441\u0438\u0441\u0442\u0435\u043c\u0438 \u0442\u043e\u0440\u0433\u0456\u0432\u043b\u0456 \u0432\u0438\u043a\u0438\u0434\u0430\u043c\u0438 \u0404\u0421 (ETS). \u0426\u0435 \u0432\u0456\u0434\u043a\u0440\u0438\u0432\u0430\u0454 \u043c\u043e\u0436\u043b\u0438\u0432\u043e\u0441\u0442\u0456 \u0434\u043b\u044f \u0441\u0442\u0430\u043b\u043e\u0433\u043e \u0456\u043d\u0432\u0435\u0441\u0442\u0443\u0432\u0430\u043d\u043d\u044f \u0442\u0430 \u043f\u043e\u0434\u0430\u043b\u044c\u0448\u043e\u0457 \u0434\u0438\u0432\u0435\u0440\u0441\u0438\u0444\u0456\u043a\u0430\u0446\u0456\u0457.<\/p>\n\n  <p>\u0422\u0430\u043a\u0438\u043c \u0447\u0438\u043d\u043e\u043c, SCANDIC TRADE \u043f\u043e\u0454\u0434\u043d\u0443\u0454 \u0432 \u0441\u043e\u0431\u0456 \u0448\u0438\u0440\u043e\u043a\u0438\u0439 \u0441\u043f\u0435\u043a\u0442\u0440 \u0444\u0456\u043d\u0430\u043d\u0441\u043e\u0432\u0438\u0445 \u0456\u043d\u0441\u0442\u0440\u0443\u043c\u0435\u043d\u0442\u0456\u0432 \u0437 \u0430\u043a\u0446\u0435\u043d\u0442\u043e\u043c \u043d\u0430 \u0433\u0440\u043e\u043c\u0430\u0434\u0443, \u043e\u0441\u0432\u0456\u0442\u0443 \u0442\u0430 \u0442\u0435\u0445\u043d\u043e\u043b\u043e\u0433\u0456\u0457. \u0417\u0430\u0432\u0434\u044f\u043a\u0438 \u0437\u0440\u0443\u0447\u043d\u0438\u043c \u0456\u043d\u0441\u0442\u0440\u0443\u043c\u0435\u043d\u0442\u0430\u043c, \u0440\u043e\u0437\u0443\u043c\u043d\u0438\u043c \u043f\u043e\u0440\u0442\u0444\u0435\u043b\u044f\u043c \u0442\u0430 \u043b\u043e\u043a\u0430\u043b\u0456\u0437\u043e\u0432\u0430\u043d\u0438\u043c \u043f\u0435\u0440\u0435\u0432\u0430\u0433\u0430\u043c, \u043f\u043b\u0430\u0442\u0444\u043e\u0440\u043c\u0430 \u043f\u043e\u0437\u0438\u0446\u0456\u043e\u043d\u0443\u0454 \u0441\u0435\u0431\u0435 \u044f\u043a \u0434\u043e\u0441\u0442\u0443\u043f\u043d\u0435 \u0440\u0456\u0448\u0435\u043d\u043d\u044f \u0434\u043b\u044f \u0432\u0441\u0456\u0445, \u0445\u0442\u043e \u043f\u0440\u0430\u0433\u043d\u0435 \u0437\u0431\u0456\u043b\u044c\u0448\u0438\u0442\u0438 \u0441\u0432\u043e\u0457 \u0437\u043d\u0430\u043d\u043d\u044f \u0442\u0430 \u0441\u0442\u0430\u0442\u043a\u0438.<\/p>\n\n<\/div>\n\n<style>\n  .elementor-scandictrade-section {\n    max-width: 1000px;\n    margin: 0 auto;\n    color: #1a1a1a;\n    line-height: 1.8;\n    font-family: \"Helvetica Neue\", Helvetica, Arial, sans-serif;\n  }\n\n  .elementor-scandictrade-section h1 {\n    text-align: center;\n    font-size: 2.4rem;\n    margin-top: 2rem;\n    margin-bottom: 1rem;\n    color: black;\n    font-weight: 800;\n  }\n\n  .elementor-scandictrade-section h2 {\n    font-size: 1.5rem;\n    margin-top: 2.5rem;\n    margin-bottom: 0.75rem;\n    color: black;\n    font-weight: 700;\n  }\n\n  .elementor-scandictrade-section p {\n    margin-bottom: 1rem;\n  }\n\n  .elementor-scandictrade-section ul {\n    margin-left: 1.5rem;\n    margin-bottom: 1rem;\n  }\n\n  .elementor-scandictrade-section li {\n    margin-bottom: 0.5rem;\n  }\n\n  .elementor-scandictrade-section .fs-4 {\n    font-size: 1.25rem;\n  }\n\n  .elementor-scandictrade-section .fw-bold {\n    font-weight: 700;\n  }\n\n  .elementor-scandictrade-section .text-center {\n    text-align: center;\n  }\n\n  .elementor-scandictrade-section img {\n    border-radius: 12px;\n    box-shadow: 0 6px 18px rgba(0,0,0,0.1);\n    margin: 2rem 0;\n  }\n<\/style>\n\t\t\t\t\t\t\t\t<\/div>\n\t\t\t\t\t<\/div>\n\t\t\t\t<\/div>\n\t\t\t\t<\/div>","protected":false},"excerpt":{"rendered":"<p>ScandicTrade by Legier SCANDIC TRADE ist eine neue Gesch\u00e4ftseinheit einer zypriotischen Investmentfirma (CIF) in Zusammenarbeit mit der LEGIER Beteiligungs mbH. Die Plattform wird derzeit von der Cyprus Securities Exchange Commission (CySEC) reguliert, was Vertrauen und Glaubw\u00fcrdigkeit schafft. Vielf\u00e4ltige Handelsm\u00f6glichkeiten SCANDIC TRADE bietet eine breite Palette von Finanzinstrumenten: Aktien und Indizes: CFDs auf Indizes wie DAX, [&hellip;]<\/p>\n","protected":false},"author":2,"featured_media":0,"parent":0,"menu_order":0,"comment_status":"closed","ping_status":"closed","template":"","meta":{"footnotes":""},"class_list":["post-1825","page","type-page","status-publish","hentry"],"_links":{"self":[{"href":"https:\/\/legiergroup.info\/uk\/wp-json\/wp\/v2\/pages\/1825","targetHints":{"allow":["GET"]}}],"collection":[{"href":"https:\/\/legiergroup.info\/uk\/wp-json\/wp\/v2\/pages"}],"about":[{"href":"https:\/\/legiergroup.info\/uk\/wp-json\/wp\/v2\/types\/page"}],"author":[{"embeddable":true,"href":"https:\/\/legiergroup.info\/uk\/wp-json\/wp\/v2\/users\/2"}],"replies":[{"embeddable":true,"href":"https:\/\/legiergroup.info\/uk\/wp-json\/wp\/v2\/comments?post=1825"}],"version-history":[{"count":16,"href":"https:\/\/legiergroup.info\/uk\/wp-json\/wp\/v2\/pages\/1825\/revisions"}],"predecessor-version":[{"id":1844,"href":"https:\/\/legiergroup.info\/uk\/wp-json\/wp\/v2\/pages\/1825\/revisions\/1844"}],"wp:attachment":[{"href":"https:\/\/legiergroup.info\/uk\/wp-json\/wp\/v2\/media?parent=1825"}],"curies":[{"name":"wp","href":"https:\/\/api.w.org\/{rel}","templated":true}]}}