{"id":1825,"date":"2025-10-21T13:49:15","date_gmt":"2025-10-21T13:49:15","guid":{"rendered":"https:\/\/legiergroup.info\/?page_id=1825"},"modified":"2025-10-21T14:08:21","modified_gmt":"2025-10-21T14:08:21","slug":"%d8%a7%d8%b3%da%a9%db%8c%d9%86%da%88%da%a9-%d8%aa%d8%ac%d8%a7%d8%b1%d8%aa","status":"publish","type":"page","link":"https:\/\/legiergroup.info\/ur\/scandic-trade\/","title":{"rendered":"Scandic Trade"},"content":{"rendered":"<div data-elementor-type=\"wp-page\" data-elementor-id=\"1825\" class=\"elementor elementor-1825\" data-elementor-post-type=\"page\">\n\t\t\t\t<div class=\"elementor-element elementor-element-24ad50c e-flex e-con-boxed e-con e-parent\" data-id=\"24ad50c\" data-element_type=\"container\" data-e-type=\"container\">\n\t\t\t\t\t<div class=\"e-con-inner\">\n\t\t\t\t<div class=\"elementor-element elementor-element-9111cd0 elementor-widget elementor-widget-text-editor\" data-id=\"9111cd0\" data-element_type=\"widget\" data-e-type=\"widget\" data-widget_type=\"text-editor.default\">\n\t\t\t\t\t\t\t\t\t<div class=\"elementor-scandictrade-section\">\n\n  <div>\n    <img decoding=\"async\" class=\"gold_image\" src=\"https:\/\/legiergroup.info\/wp-content\/uploads\/2025\/09\/final-scandic-trade-PNG.png\" width=\"100%\" alt=\"SCANDIC TRADE\" \/>\n  <\/div>\n\n  <h1 class=\"text-center\">Legier \u06a9\u06cc \u0637\u0631\u0641 \u0633\u06d2 ScandicT<\/h1>\n\n  <p class=\"fs-4 fw-bold text-center\">\n    SCANDIC TRADE LEGIER Beteiligungs mbH \u06a9\u06d2 \u0633\u0627\u062a\u06be \u0634\u0631\u0627\u06a9\u062a \u0645\u06cc\u06ba \u0633\u0627\u0626\u067e\u0631\u0633 \u0627\u0646\u0648\u06cc\u0633\u0679\u0645\u0646\u0679 \u0641\u0631\u0645 (CIF) \u06a9\u0627 \u0627\u06cc\u06a9 \u0646\u06cc\u0627 \u06a9\u0627\u0631\u0648\u0628\u0627\u0631\u06cc \u06cc\u0648\u0646\u0679 \u06c1\u06d2\u06d4 \u0627\u0633 \u067e\u0644\u06cc\u0679 \u0641\u0627\u0631\u0645 \u06a9\u0648 \u0641\u06cc \u0627\u0644\u062d\u0627\u0644 \u0633\u0627\u0626\u067e\u0631\u0633 1TP63 \u0627\u0646\u0648\u06cc\u0633\u0679\u0645\u0646\u0679 \u0627\u06cc\u06a9\u0633\u0686\u06cc\u0646\u062c \u06a9\u0645\u06cc\u0634\u0646 (CySEC) \u06a9\u06d2 \u0630\u0631\u06cc\u0639\u06d2 \u0645\u0646\u0638\u0645 \u06a9\u06cc\u0627 \u062c\u0627\u062a\u0627 \u06c1\u06d2\u060c \u062c\u0648 \u0627\u0639\u062a\u0645\u0627\u062f \u0627\u0648\u0631 \u0627\u0639\u062a\u0628\u0627\u0631 \u067e\u06cc\u062f\u0627 \u06a9\u0631\u062a\u0627 \u06c1\u06d2\u06d4.\n  <\/p>\n\n  <h2>\u0645\u062a\u0646\u0648\u0639 \u062a\u062c\u0627\u0631\u062a\u06cc \u0645\u0648\u0627\u0642\u0639<\/h2>\n  <p>SCANDIC TRADE \u0645\u0627\u0644\u06cc\u0627\u062a\u06cc \u0622\u0644\u0627\u062a \u06a9\u06cc \u0627\u06cc\u06a9 \u0648\u0633\u06cc\u0639 \u0631\u06cc\u0646\u062c \u067e\u06cc\u0634 \u06a9\u0631\u062a\u0627 \u06c1\u06d2:<\/p>\n  <ul>\n    <li><strong>\u0627\u0633\u0679\u0627\u06a9 \u0627\u0648\u0631 \u0627\u0646\u0688\u06cc\u06a9\u0633:<\/strong> DAX\u060c Dow Jones \u0627\u0648\u0631 Apple \u06cc\u0627 SAP \u062c\u06cc\u0633\u06cc \u06a9\u0645\u067e\u0646\u06cc\u0648\u06ba \u06a9\u06d2 \u062d\u0635\u0635 \u062c\u06cc\u0633\u06d2 \u0627\u0634\u0627\u0631\u06cc\u0648\u06ba \u067e\u0631 CFDs\u06d4.<\/li>\n    <li><strong>\u0641\u0627\u0631\u06cc\u06a9\u0633:<\/strong> \u062a\u062c\u0627\u0631\u062a \u06a9\u0631\u0646\u0633\u06cc \u06a9\u06d2 \u062c\u0648\u0691\u06d2\u060c 0 pips \u0633\u06d2 \u067e\u06be\u06cc\u0644\u062a\u0627 \u06c1\u06d2\u06d4.<\/li>\n    <li><strong>\u062f\u06be\u0627\u062a\u06cc\u06ba:<\/strong> \u062a\u0646\u0648\u0639 \u06a9\u06d2 \u0644\u06cc\u06d2 \u0633\u0648\u0646\u0627\u060c \u0686\u0627\u0646\u062f\u06cc \u0627\u0648\u0631 \u067e\u0644\u0627\u0679\u06cc\u0646\u0645\u06d4.<\/li>\n    <li><strong>\u062e\u0627\u0645 \u0645\u0627\u0644 \u0627\u0648\u0631 \u062a\u0648\u0627\u0646\u0627\u0626\u06cc:<\/strong> \u062e\u0627\u0645 \u062a\u06cc\u0644 \u0627\u0648\u0631 \u062f\u06cc\u06af\u0631 \u0645\u0627\u0631\u06a9\u06cc\u0679\u0648\u06ba \u067e\u0631 CFDs\u06d4.<\/li>\n    <li><strong>\u0645\u0633\u062a\u0642\u0628\u0644:<\/strong> \u062c\u0631\u0645\u0646\u06cc 40 \u0627\u0646\u0688\u06cc\u06a9\u0633 \u06cc\u0627 \u0627\u0645\u0631\u06cc\u06a9\u06cc 10-\u0633\u0627\u0644 \u06a9\u06d2 \u0646\u0648\u0679\u0633\u06d4.<\/li>\n    <li><strong>\u06a9\u0631\u067e\u0679\u0648 \u06a9\u0631\u0646\u0633\u06cc\u0632:<\/strong> Bitcoin\u060c Ethereum\u060c Solana \u0627\u0648\u0631 \u0645\u0632\u06cc\u062f\u06d4.<\/li>\n  <\/ul>\n  <p>\u06cc\u06c1 \u062a\u0646\u0648\u0639 \u0635\u0627\u0631\u0641\u06cc\u0646 \u06a9\u0648 \u067e\u0648\u0631\u0679 \u0641\u0648\u0644\u06cc\u0648\u0632 \u06a9\u0648 \u0645\u062a\u0646\u0648\u0639 \u0628\u0646\u0627\u0646\u06d2 \u0627\u0648\u0631 \u0645\u0627\u0631\u06a9\u06cc\u0679 \u06a9\u06cc \u062a\u0628\u062f\u06cc\u0644\u06cc\u0648\u06ba \u0633\u06d2 \u0641\u0627\u0626\u062f\u06c1 \u0627\u0679\u06be\u0627\u0646\u06d2 \u06a9\u06cc \u0627\u062c\u0627\u0632\u062a \u062f\u06cc\u062a\u0627 \u06c1\u06d2\u06d4.<\/p>\n\n  <h2>\u0631\u0633\u0627\u0626\u06cc \u0627\u0648\u0631 \u06a9\u0645\u06cc\u0648\u0646\u0679\u06cc<\/h2>\n  <p>\u067e\u0644\u06cc\u0679 \u0641\u0627\u0631\u0645 \u062a\u062c\u0627\u0631\u062a \u06a9\u0648 \u0622\u0633\u0627\u0646\u060c \u0642\u0627\u0628\u0644 \u0641\u06c1\u0645\u060c \u0627\u0648\u0631 \u062f\u0644\u0686\u0633\u067e \u0628\u0646\u0627\u062a\u0627 \u06c1\u06d2 \u2013 \u0627\u0628\u062a\u062f\u0627\u0626\u06cc \u0627\u0648\u0631 \u067e\u06cc\u0634\u06c1 \u0648\u0631 \u0627\u0641\u0631\u0627\u062f \u06a9\u06d2 \u0644\u06cc\u06d2\u06d4 SCANDIC TRADE \u0627\u06cc\u06a9 \u0639\u0627\u0644\u0645\u06cc \u0628\u0631\u0627\u062f\u0631\u06cc \u06a9\u0648 \u0641\u0631\u0648\u063a \u062f\u06cc\u062a\u0627 \u06c1\u06d2 \u062c\u06c1\u0627\u06ba \u06a9\u0627\u0645\u06cc\u0627\u0628 \u0633\u0631\u0645\u0627\u06cc\u06c1 \u06a9\u0627\u0631\u06cc \u06a9\u0648 \u0641\u0639\u0627\u0644 \u06a9\u0631\u0646\u06d2 \u06a9\u06d2 \u0644\u06cc\u06d2 \u0639\u0644\u0645 \u06a9\u0627 \u0627\u0634\u062a\u0631\u0627\u06a9 \u06a9\u06cc\u0627 \u062c\u0627\u062a\u0627 \u06c1\u06d2\u06d4 \u062a\u0639\u0644\u06cc\u0645 \u0627\u06cc\u06a9 \u062a\u0631\u062c\u06cc\u062d \u06c1\u06d2: \u0627\u06cc\u06a9 \u0633\u0631\u0645\u0627\u06cc\u06c1 \u06a9\u0627\u0631\u06cc \u06a9\u0645\u06cc\u0648\u0646\u0679\u06cc \u0639\u0644\u0645 \u0627\u0648\u0631 \u062f\u0648\u0644\u062a \u06a9\u0648 \u0628\u0691\u06be\u0627\u0646\u06d2 \u06a9\u06d2 \u0644\u06cc\u06d2 \u0627\u0628\u062a\u062f\u0627\u0626\u06cc \u0627\u0648\u0631 \u0645\u0627\u06c1\u0631\u06cc\u0646 \u06a9\u06d2 \u062f\u0631\u0645\u06cc\u0627\u0646 \u062a\u0628\u0627\u062f\u0644\u06d2 \u06a9\u06cc \u062d\u0645\u0627\u06cc\u062a \u06a9\u0631\u062a\u06cc \u06c1\u06d2\u06d4.<\/p>\n\n  <h2>\u062c\u062f\u06cc\u062f \u0679\u06cc\u06a9\u0646\u0627\u0644\u0648\u062c\u06cc<\/h2>\n  <p>SCANDIC TRADE \u062a\u062c\u0631\u0628\u06c1 \u06a9\u06cc \u062a\u0645\u0627\u0645 \u0633\u0637\u062d\u0648\u06ba \u06a9\u06d2 \u0644\u06cc\u06d2 \u067e\u06cc\u0634\u06c1 \u0648\u0631\u0627\u0646\u06c1 \u0679\u0648\u0644\u0632 \u06a9\u06d2 \u0633\u0627\u062a\u06be \u0627\u06cc\u06a9 \u0628\u062f\u06cc\u06c1\u06cc \u067e\u0644\u06cc\u0679 \u0641\u0627\u0631\u0645 \u067e\u06cc\u0634 \u06a9\u0631\u062a\u0627 \u06c1\u06d2\u06d4 \u062c\u06be\u0644\u06a9\u06cc\u0648\u06ba \u0645\u06cc\u06ba \u0633\u0645\u0627\u0631\u0679 \u067e\u0648\u0631\u0679 \u0641\u0648\u0644\u06cc\u0648\u0632 \u0634\u0627\u0645\u0644 \u06c1\u06cc\u06ba \u062c\u0648 5G \u06cc\u0627 \u0642\u0627\u0628\u0644 \u062a\u062c\u062f\u06cc\u062f \u062a\u0648\u0627\u0646\u0627\u0626\u06cc \u062c\u06cc\u0633\u06d2 \u0645\u0648\u0636\u0648\u0639\u0627\u062a \u06a9\u06d2 \u0645\u0637\u0627\u0628\u0642 \u0627\u062b\u0627\u062b\u0648\u06ba \u06a9\u0648 \u062c\u0645\u0639 \u06a9\u0631\u062a\u06d2 \u06c1\u06cc\u06ba\u06d4 \u062d\u06a9\u0645\u062a \u0639\u0645\u0644\u06cc\u0648\u06ba \u06a9\u0648 \u0645\u0627\u0631\u06a9\u06cc\u0679 \u06a9\u06d2 \u062d\u0627\u0644\u0627\u062a \u06a9\u06d2 \u0645\u0637\u0627\u0628\u0642 \u0688\u06be\u0627\u0644\u0646\u06d2 \u06a9\u06d2 \u0644\u06cc\u06d2 \u06cc\u06c1 \u0627\u0644\u06af\u0648\u0631\u062a\u06be\u0645\u060c \u0645\u0634\u06cc\u0646 \u0644\u0631\u0646\u0646\u06af\u060c \u0627\u0648\u0631 AI \u06a9\u0627 \u0641\u0627\u0626\u062f\u06c1 \u0627\u0679\u06be\u0627\u062a\u06d2 \u06c1\u06cc\u06ba\u06d4 \u0688\u06cc\u062c\u06cc\u0679\u0644 \u0627\u062b\u0627\u062b\u0648\u06ba \u06a9\u06cc \u0631\u06cc\u0646\u062c\u060c \u062c\u06cc\u0633\u06d2 \u0627\u06cc\u062a\u06be\u0631 \u0627\u0648\u0631 Litecoin\u060c \u0645\u0633\u0644\u0633\u0644 \u0628\u0691\u06be \u0631\u06c1\u06cc \u06c1\u06d2\u06d4.<\/p>\n\n  <h2>\u0645\u0642\u0627\u0645\u06cc \u0641\u0648\u0627\u0626\u062f<\/h2>\n  <p>GBP\u060c EUR\u060c \u0627\u0648\u0631 USD \u0645\u06cc\u06ba \u0627\u06a9\u0627\u0624\u0646\u0679\u0633 \u062a\u0628\u0627\u062f\u0644\u0648\u06ba \u06a9\u06cc \u0641\u06cc\u0633 \u0633\u06d2 \u0628\u0686\u062a\u06d2 \u06c1\u06cc\u06ba \u0627\u0648\u0631 \u0645\u0642\u0627\u0645\u06cc \u062a\u062c\u0627\u0631\u062a\u06cc \u062a\u062c\u0631\u0628\u06c1 \u067e\u06cc\u0634 \u06a9\u0631\u062a\u06d2 \u06c1\u06cc\u06ba\u06d4 \u06a9\u0644\u0627\u0626\u0646\u0679\u0633 \u06a9\u0648 \u0627\u067e\u0646\u06d2 \u0641\u0646\u0688\u0632 \u062a\u06a9 \u0622\u0633\u0627\u0646 \u0631\u0633\u0627\u0626\u06cc \u06a9\u06d2 \u0644\u06cc\u06d2 SCANDIC-TRADE \u0688\u06cc\u0628\u0679 \u06a9\u0627\u0631\u0688 \u0645\u0644\u062a\u0627 \u06c1\u06d2\u06d4.<\/p>\n\n  <h2>\u0627\u062e\u0631\u0627\u062c \u06a9\u06cc \u062a\u062c\u0627\u0631\u062a<\/h2>\n  <p>SCANDIC TRADE CO\u2082 \u0633\u0631\u0679\u06cc\u0641\u06a9\u06cc\u0679\u0633 \u0645\u06cc\u06ba \u062a\u062c\u0627\u0631\u062a \u06a9\u06d2 \u0642\u0627\u0628\u0644 \u0628\u0646\u0627\u062a\u0627 \u06c1\u06d2\u060c \u062c\u06cc\u0633\u0627 \u06a9\u06c1 EU Emissions Trading System (ETS)\u06d4 \u0627\u0633 \u0633\u06d2 \u0633\u0631\u0645\u0627\u06cc\u06c1 \u06a9\u0627\u0631\u06cc \u06a9\u06d2 \u067e\u0627\u0626\u06cc\u062f\u0627\u0631 \u0645\u0648\u0627\u0642\u0639 \u0627\u0648\u0631 \u0645\u0632\u06cc\u062f \u062a\u0646\u0648\u0639 \u06a9\u06be\u0644\u062a\u0627 \u06c1\u06d2\u06d4.<\/p>\n\n  <p>SCANDIC TRADE \u0627\u0633 \u0637\u0631\u062d \u06a9\u0645\u06cc\u0648\u0646\u0679\u06cc\u060c \u062a\u0639\u0644\u06cc\u0645 \u0627\u0648\u0631 \u0679\u06cc\u06a9\u0646\u0627\u0644\u0648\u062c\u06cc \u067e\u0631 \u062a\u0648\u062c\u06c1 \u06a9\u06d2 \u0633\u0627\u062a\u06be \u0645\u0627\u0644\u06cc\u0627\u062a\u06cc \u0622\u0644\u0627\u062a \u06a9\u06cc \u0627\u06cc\u06a9 \u0648\u0633\u06cc\u0639 \u0631\u06cc\u0646\u062c \u06a9\u0648 \u06cc\u06a9\u062c\u0627 \u06a9\u0631\u062a\u0627 \u06c1\u06d2\u06d4 \u0635\u0627\u0631\u0641 \u062f\u0648\u0633\u062a \u0679\u0648\u0644\u0632\u060c \u0633\u0645\u0627\u0631\u0679 \u067e\u0648\u0631\u0679 \u0641\u0648\u0644\u06cc\u0648\u0632\u060c \u0627\u0648\u0631 \u0645\u0642\u0627\u0645\u06cc \u0641\u0648\u0627\u0626\u062f \u06a9\u06d2 \u0633\u0627\u062a\u06be\u060c \u06cc\u06c1 \u067e\u0644\u06cc\u0679 \u0641\u0627\u0631\u0645 \u0627\u067e\u0646\u06d2 \u0639\u0644\u0645 \u0627\u0648\u0631 \u062f\u0648\u0644\u062a \u06a9\u0648 \u0628\u0691\u06be\u0627\u0646\u06d2 \u06a9\u06d2 \u062e\u0648\u0627\u06c1\u0627\u06ba \u06c1\u0631 \u06a9\u0633\u06cc \u06a9\u06d2 \u0644\u06cc\u06d2 \u0627\u06cc\u06a9 \u0642\u0627\u0628\u0644 \u0631\u0633\u0627\u0626\u06cc \u062d\u0644 \u06a9\u06d2 \u0637\u0648\u0631 \u067e\u0631 \u06a9\u06be\u0691\u0627 \u06c1\u06d2\u06d4.<\/p>\n\n<\/div>\n\n<style>\n  .elementor-scandictrade-section {\n    max-width: 1000px;\n    margin: 0 auto;\n    color: #1a1a1a;\n    line-height: 1.8;\n    font-family: \"Helvetica Neue\", Helvetica, Arial, sans-serif;\n  }\n\n  .elementor-scandictrade-section h1 {\n    text-align: center;\n    font-size: 2.4rem;\n    margin-top: 2rem;\n    margin-bottom: 1rem;\n    color: black;\n    font-weight: 800;\n  }\n\n  .elementor-scandictrade-section h2 {\n    font-size: 1.5rem;\n    margin-top: 2.5rem;\n    margin-bottom: 0.75rem;\n    color: black;\n    font-weight: 700;\n  }\n\n  .elementor-scandictrade-section p {\n    margin-bottom: 1rem;\n  }\n\n  .elementor-scandictrade-section ul {\n    margin-left: 1.5rem;\n    margin-bottom: 1rem;\n  }\n\n  .elementor-scandictrade-section li {\n    margin-bottom: 0.5rem;\n  }\n\n  .elementor-scandictrade-section .fs-4 {\n    font-size: 1.25rem;\n  }\n\n  .elementor-scandictrade-section .fw-bold {\n    font-weight: 700;\n  }\n\n  .elementor-scandictrade-section .text-center {\n    text-align: center;\n  }\n\n  .elementor-scandictrade-section img {\n    border-radius: 12px;\n    box-shadow: 0 6px 18px rgba(0,0,0,0.1);\n    margin: 2rem 0;\n  }\n<\/style>\n\t\t\t\t\t\t\t\t<\/div>\n\t\t\t\t\t<\/div>\n\t\t\t\t<\/div>\n\t\t\t\t<\/div>","protected":false},"excerpt":{"rendered":"<p>ScandicTrade by Legier SCANDIC TRADE ist eine neue Gesch\u00e4ftseinheit einer zypriotischen Investmentfirma (CIF) in Zusammenarbeit mit der LEGIER Beteiligungs mbH. Die Plattform wird derzeit von der Cyprus Securities Exchange Commission (CySEC) reguliert, was Vertrauen und Glaubw\u00fcrdigkeit schafft. Vielf\u00e4ltige Handelsm\u00f6glichkeiten SCANDIC TRADE bietet eine breite Palette von Finanzinstrumenten: Aktien und Indizes: CFDs auf Indizes wie DAX, [&hellip;]<\/p>\n","protected":false},"author":2,"featured_media":0,"parent":0,"menu_order":0,"comment_status":"closed","ping_status":"closed","template":"","meta":{"footnotes":""},"class_list":["post-1825","page","type-page","status-publish","hentry"],"_links":{"self":[{"href":"https:\/\/legiergroup.info\/ur\/wp-json\/wp\/v2\/pages\/1825","targetHints":{"allow":["GET"]}}],"collection":[{"href":"https:\/\/legiergroup.info\/ur\/wp-json\/wp\/v2\/pages"}],"about":[{"href":"https:\/\/legiergroup.info\/ur\/wp-json\/wp\/v2\/types\/page"}],"author":[{"embeddable":true,"href":"https:\/\/legiergroup.info\/ur\/wp-json\/wp\/v2\/users\/2"}],"replies":[{"embeddable":true,"href":"https:\/\/legiergroup.info\/ur\/wp-json\/wp\/v2\/comments?post=1825"}],"version-history":[{"count":16,"href":"https:\/\/legiergroup.info\/ur\/wp-json\/wp\/v2\/pages\/1825\/revisions"}],"predecessor-version":[{"id":1844,"href":"https:\/\/legiergroup.info\/ur\/wp-json\/wp\/v2\/pages\/1825\/revisions\/1844"}],"wp:attachment":[{"href":"https:\/\/legiergroup.info\/ur\/wp-json\/wp\/v2\/media?parent=1825"}],"curies":[{"name":"wp","href":"https:\/\/api.w.org\/{rel}","templated":true}]}}