{"id":1825,"date":"2025-10-21T13:49:15","date_gmt":"2025-10-21T13:49:15","guid":{"rendered":"https:\/\/legiergroup.info\/?page_id=1825"},"modified":"2025-10-21T14:08:21","modified_gmt":"2025-10-21T14:08:21","slug":"thuong-mai-scandic","status":"publish","type":"page","link":"https:\/\/legiergroup.info\/vi\/scandic-trade\/","title":{"rendered":"Scandic Trade"},"content":{"rendered":"<div data-elementor-type=\"wp-page\" data-elementor-id=\"1825\" class=\"elementor elementor-1825\" data-elementor-post-type=\"page\">\n\t\t\t\t<div class=\"elementor-element elementor-element-24ad50c e-flex e-con-boxed e-con e-parent\" data-id=\"24ad50c\" data-element_type=\"container\" data-e-type=\"container\">\n\t\t\t\t\t<div class=\"e-con-inner\">\n\t\t\t\t<div class=\"elementor-element elementor-element-9111cd0 elementor-widget elementor-widget-text-editor\" data-id=\"9111cd0\" data-element_type=\"widget\" data-e-type=\"widget\" data-widget_type=\"text-editor.default\">\n\t\t\t\t\t\t\t\t\t<div class=\"elementor-scandictrade-section\">\n\n  <div>\n    <img decoding=\"async\" class=\"gold_image\" src=\"https:\/\/legiergroup.info\/wp-content\/uploads\/2025\/09\/final-scandic-trade-PNG.png\" width=\"100%\" alt=\"SCANDIC TRADE\" \/>\n  <\/div>\n\n  <h1 class=\"text-center\">ScandicTrade c\u1ee7a Legier<\/h1>\n\n  <p class=\"fs-4 fw-bold text-center\">\n    SCANDIC TRADE l\u00e0 \u0111\u01a1n v\u1ecb kinh doanh m\u1edbi c\u1ee7a C\u00f4ng ty \u0110\u1ea7u t\u01b0 S\u00edp (CIF) h\u1ee3p t\u00e1c v\u1edbi LEGIER Beteiligungs mbH. N\u1ec1n t\u1ea3ng n\u00e0y hi\u1ec7n \u0111\u01b0\u1ee3c qu\u1ea3n l\u00fd b\u1edfi \u1ee6y ban Giao d\u1ecbch \u0110\u1ea7u t\u01b0 S\u00edp 1TP63 (CySEC), t\u1ea1o n\u00ean s\u1ef1 tin c\u1eady v\u00e0 uy t\u00edn.\n  <\/p>\n\n  <h2>C\u01a1 h\u1ed9i giao d\u1ecbch \u0111a d\u1ea1ng<\/h2>\n  <p>SCANDIC TRADE cung c\u1ea5p nhi\u1ec1u lo\u1ea1i c\u00f4ng c\u1ee5 t\u00e0i ch\u00ednh:<\/p>\n  <ul>\n    <li><strong>C\u1ed5 phi\u1ebfu v\u00e0 ch\u1ec9 s\u1ed1:<\/strong> CFD tr\u00ean c\u00e1c ch\u1ec9 s\u1ed1 nh\u01b0 DAX, Dow Jones v\u00e0 c\u1ed5 phi\u1ebfu c\u1ee7a c\u00e1c c\u00f4ng ty nh\u01b0 Apple ho\u1eb7c SAP.<\/li>\n    <li><strong>Ngo\u1ea1i h\u1ed1i:<\/strong> Giao d\u1ecbch c\u1eb7p ti\u1ec1n t\u1ec7, ch\u00eanh l\u1ec7ch t\u1eeb 0 pip.<\/li>\n    <li><strong>Kim lo\u1ea1i:<\/strong> V\u00e0ng, b\u1ea1c v\u00e0 b\u1ea1ch kim \u0111\u1ec3 \u0111a d\u1ea1ng h\u00f3a.<\/li>\n    <li><strong>Nguy\u00ean li\u1ec7u th\u00f4 v\u00e0 n\u0103ng l\u01b0\u1ee3ng:<\/strong> CFD tr\u00ean d\u1ea7u th\u00f4 v\u00e0 c\u00e1c th\u1ecb tr\u01b0\u1eddng kh\u00e1c.<\/li>\n    <li><strong>T\u01b0\u01a1ng lai:<\/strong> Ch\u1ec9 s\u1ed1 \u0110\u1ee9c 40 ho\u1eb7c Tr\u00e1i phi\u1ebfu k\u1ef3 h\u1ea1n 10 n\u0103m c\u1ee7a Hoa K\u1ef3.<\/li>\n    <li><strong>Ti\u1ec1n \u0111i\u1ec7n t\u1eed:<\/strong> Bitcoin, Ethereum, Solana v\u00e0 nhi\u1ec1u h\u01a1n n\u1eefa.<\/li>\n  <\/ul>\n  <p>S\u1ef1 \u0111a d\u1ea1ng n\u00e0y cho ph\u00e9p ng\u01b0\u1eddi d\u00f9ng \u0111a d\u1ea1ng h\u00f3a danh m\u1ee5c \u0111\u1ea7u t\u01b0 v\u00e0 h\u01b0\u1edfng l\u1ee3i t\u1eeb nh\u1eefng thay \u0111\u1ed5i c\u1ee7a th\u1ecb tr\u01b0\u1eddng.<\/p>\n\n  <h2>Kh\u1ea3 n\u0103ng ti\u1ebfp c\u1eadn v\u00e0 c\u1ed9ng \u0111\u1ed3ng<\/h2>\n  <p>N\u1ec1n t\u1ea3ng n\u00e0y gi\u00fap giao d\u1ecbch tr\u1edf n\u00ean \u0111\u01a1n gi\u1ea3n, d\u1ec5 hi\u1ec3u v\u00e0 th\u00fa v\u1ecb \u2013 cho c\u1ea3 ng\u01b0\u1eddi m\u1edbi b\u1eaft \u0111\u1ea7u v\u00e0 chuy\u00ean gia. SCANDIC TRADE x\u00e2y d\u1ef1ng m\u1ed9t c\u1ed9ng \u0111\u1ed3ng to\u00e0n c\u1ea7u, n\u01a1i ki\u1ebfn th\u1ee9c \u0111\u01b0\u1ee3c chia s\u1ebb \u0111\u1ec3 \u0111\u1ea7u t\u01b0 th\u00e0nh c\u00f4ng. Gi\u00e1o d\u1ee5c l\u00e0 \u01b0u ti\u00ean h\u00e0ng \u0111\u1ea7u: M\u1ed9t c\u1ed9ng \u0111\u1ed3ng \u0111\u1ea7u t\u01b0 h\u1ed7 tr\u1ee3 trao \u0111\u1ed5i gi\u1eefa ng\u01b0\u1eddi m\u1edbi b\u1eaft \u0111\u1ea7u v\u00e0 chuy\u00ean gia \u0111\u1ec3 gia t\u0103ng ki\u1ebfn th\u1ee9c v\u00e0 s\u1ef1 gi\u00e0u c\u00f3.<\/p>\n\n  <h2>C\u00f4ng ngh\u1ec7 ti\u00ean ti\u1ebfn<\/h2>\n  <p>SCANDIC TRADE cung c\u1ea5p m\u1ed9t n\u1ec1n t\u1ea3ng tr\u1ef1c quan v\u1edbi c\u00e1c c\u00f4ng c\u1ee5 chuy\u00ean nghi\u1ec7p ph\u00f9 h\u1ee3p v\u1edbi m\u1ecdi c\u1ea5p \u0111\u1ed9 kinh nghi\u1ec7m. \u0110i\u1ec3m n\u1ed5i b\u1eadt bao g\u1ed3m danh m\u1ee5c \u0111\u1ea7u t\u01b0 th\u00f4ng minh, t\u1eadp h\u1ee3p t\u00e0i s\u1ea3n theo c\u00e1c ch\u1ee7 \u0111\u1ec1 nh\u01b0 5G ho\u1eb7c n\u0103ng l\u01b0\u1ee3ng t\u00e1i t\u1ea1o. C\u00e1c danh m\u1ee5c n\u00e0y t\u1eadn d\u1ee5ng thu\u1eadt to\u00e1n, h\u1ecdc m\u00e1y v\u00e0 AI \u0111\u1ec3 \u0111i\u1ec1u ch\u1ec9nh chi\u1ebfn l\u01b0\u1ee3c cho ph\u00f9 h\u1ee3p v\u1edbi \u0111i\u1ec1u ki\u1ec7n th\u1ecb tr\u01b0\u1eddng. Danh m\u1ee5c t\u00e0i s\u1ea3n k\u1ef9 thu\u1eadt s\u1ed1, ch\u1eb3ng h\u1ea1n nh\u01b0 Ether v\u00e0 Litecoin, \u0111ang kh\u00f4ng ng\u1eebng m\u1edf r\u1ed9ng.<\/p>\n\n  <h2>L\u1ee3i \u00edch \u0111\u1ecba ph\u01b0\u01a1ng<\/h2>\n  <p>T\u00e0i kho\u1ea3n GBP, EUR v\u00e0 USD kh\u00f4ng m\u1ea5t ph\u00ed chuy\u1ec3n \u0111\u1ed5i v\u00e0 mang \u0111\u1ebfn tr\u1ea3i nghi\u1ec7m giao d\u1ecbch \u0111\u1ecba ph\u01b0\u01a1ng. Kh\u00e1ch h\u00e0ng s\u1ebd nh\u1eadn \u0111\u01b0\u1ee3c th\u1ebb ghi n\u1ee3 SCANDIC-TRADE \u0111\u1ec3 d\u1ec5 d\u00e0ng truy c\u1eadp v\u00e0o ti\u1ec1n c\u1ee7a m\u00ecnh.<\/p>\n\n  <h2>Giao d\u1ecbch ph\u00e1t th\u1ea3i<\/h2>\n  <p>SCANDIC TRADE cho ph\u00e9p giao d\u1ecbch ch\u1ee9ng ch\u1ec9 CO\u2082, t\u01b0\u01a1ng t\u1ef1 nh\u01b0 H\u1ec7 th\u1ed1ng Giao d\u1ecbch Kh\u00ed th\u1ea3i (ETS) c\u1ee7a EU. \u0110i\u1ec1u n\u00e0y m\u1edf ra c\u00e1c c\u01a1 h\u1ed9i \u0111\u1ea7u t\u01b0 b\u1ec1n v\u1eefng v\u00e0 \u0111a d\u1ea1ng h\u00f3a h\u01a1n n\u1eefa.<\/p>\n\n  <p>SCANDIC TRADE k\u1ebft h\u1ee3p m\u1ed9t lo\u1ea1t c\u00e1c c\u00f4ng c\u1ee5 t\u00e0i ch\u00ednh t\u1eadp trung v\u00e0o c\u1ed9ng \u0111\u1ed3ng, gi\u00e1o d\u1ee5c v\u00e0 c\u00f4ng ngh\u1ec7. V\u1edbi c\u00e1c c\u00f4ng c\u1ee5 th\u00e2n thi\u1ec7n v\u1edbi ng\u01b0\u1eddi d\u00f9ng, danh m\u1ee5c \u0111\u1ea7u t\u01b0 th\u00f4ng minh v\u00e0 c\u00e1c l\u1ee3i \u00edch \u0111\u01b0\u1ee3c b\u1ea3n \u0111\u1ecba h\u00f3a, n\u1ec1n t\u1ea3ng n\u00e0y t\u1ef1 \u0111\u1ecbnh v\u1ecb m\u00ecnh l\u00e0 m\u1ed9t gi\u1ea3i ph\u00e1p d\u1ec5 ti\u1ebfp c\u1eadn cho b\u1ea5t k\u1ef3 ai mu\u1ed1n gia t\u0103ng ki\u1ebfn th\u1ee9c v\u00e0 s\u1ef1 gi\u00e0u c\u00f3.<\/p>\n\n<\/div>\n\n<style>\n  .elementor-scandictrade-section {\n    max-width: 1000px;\n    margin: 0 auto;\n    color: #1a1a1a;\n    line-height: 1.8;\n    font-family: \"Helvetica Neue\", Helvetica, Arial, sans-serif;\n  }\n\n  .elementor-scandictrade-section h1 {\n    text-align: center;\n    font-size: 2.4rem;\n    margin-top: 2rem;\n    margin-bottom: 1rem;\n    color: black;\n    font-weight: 800;\n  }\n\n  .elementor-scandictrade-section h2 {\n    font-size: 1.5rem;\n    margin-top: 2.5rem;\n    margin-bottom: 0.75rem;\n    color: black;\n    font-weight: 700;\n  }\n\n  .elementor-scandictrade-section p {\n    margin-bottom: 1rem;\n  }\n\n  .elementor-scandictrade-section ul {\n    margin-left: 1.5rem;\n    margin-bottom: 1rem;\n  }\n\n  .elementor-scandictrade-section li {\n    margin-bottom: 0.5rem;\n  }\n\n  .elementor-scandictrade-section .fs-4 {\n    font-size: 1.25rem;\n  }\n\n  .elementor-scandictrade-section .fw-bold {\n    font-weight: 700;\n  }\n\n  .elementor-scandictrade-section .text-center {\n    text-align: center;\n  }\n\n  .elementor-scandictrade-section img {\n    border-radius: 12px;\n    box-shadow: 0 6px 18px rgba(0,0,0,0.1);\n    margin: 2rem 0;\n  }\n<\/style>\n\t\t\t\t\t\t\t\t<\/div>\n\t\t\t\t\t<\/div>\n\t\t\t\t<\/div>\n\t\t\t\t<\/div>","protected":false},"excerpt":{"rendered":"<p>ScandicTrade by Legier SCANDIC TRADE ist eine neue Gesch\u00e4ftseinheit einer zypriotischen Investmentfirma (CIF) in Zusammenarbeit mit der LEGIER Beteiligungs mbH. Die Plattform wird derzeit von der Cyprus Securities Exchange Commission (CySEC) reguliert, was Vertrauen und Glaubw\u00fcrdigkeit schafft. Vielf\u00e4ltige Handelsm\u00f6glichkeiten SCANDIC TRADE bietet eine breite Palette von Finanzinstrumenten: Aktien und Indizes: CFDs auf Indizes wie DAX, [&hellip;]<\/p>\n","protected":false},"author":2,"featured_media":0,"parent":0,"menu_order":0,"comment_status":"closed","ping_status":"closed","template":"","meta":{"footnotes":""},"class_list":["post-1825","page","type-page","status-publish","hentry"],"_links":{"self":[{"href":"https:\/\/legiergroup.info\/vi\/wp-json\/wp\/v2\/pages\/1825","targetHints":{"allow":["GET"]}}],"collection":[{"href":"https:\/\/legiergroup.info\/vi\/wp-json\/wp\/v2\/pages"}],"about":[{"href":"https:\/\/legiergroup.info\/vi\/wp-json\/wp\/v2\/types\/page"}],"author":[{"embeddable":true,"href":"https:\/\/legiergroup.info\/vi\/wp-json\/wp\/v2\/users\/2"}],"replies":[{"embeddable":true,"href":"https:\/\/legiergroup.info\/vi\/wp-json\/wp\/v2\/comments?post=1825"}],"version-history":[{"count":16,"href":"https:\/\/legiergroup.info\/vi\/wp-json\/wp\/v2\/pages\/1825\/revisions"}],"predecessor-version":[{"id":1844,"href":"https:\/\/legiergroup.info\/vi\/wp-json\/wp\/v2\/pages\/1825\/revisions\/1844"}],"wp:attachment":[{"href":"https:\/\/legiergroup.info\/vi\/wp-json\/wp\/v2\/media?parent=1825"}],"curies":[{"name":"wp","href":"https:\/\/api.w.org\/{rel}","templated":true}]}}