{"id":744,"date":"2025-09-17T01:19:25","date_gmt":"2025-09-17T01:19:25","guid":{"rendered":"https:\/\/legiergroup.info\/?page_id=744"},"modified":"2025-10-23T12:03:42","modified_gmt":"2025-10-23T12:03:42","slug":"khach-hang-de-bi-ton-thuong","status":"publish","type":"page","link":"https:\/\/legiergroup.info\/vi\/gefaehrdete-kunden\/","title":{"rendered":"Kh\u00e1ch h\u00e0ng d\u1ec5 b\u1ecb t\u1ed5n th\u01b0\u01a1ng"},"content":{"rendered":"<div data-elementor-type=\"wp-page\" data-elementor-id=\"744\" class=\"elementor elementor-744\" data-elementor-post-type=\"page\">\n\t\t\t\t<div class=\"elementor-element elementor-element-6c06e4f e-flex e-con-boxed e-con e-parent\" data-id=\"6c06e4f\" data-element_type=\"container\" data-e-type=\"container\">\n\t\t\t\t\t<div class=\"e-con-inner\">\n\t\t\t\t<div class=\"elementor-element elementor-element-620dc3e elementor-widget elementor-widget-text-editor\" data-id=\"620dc3e\" data-element_type=\"widget\" data-e-type=\"widget\" data-widget_type=\"text-editor.default\">\n\t\t\t\t\t\t\t\t\t<h1>Kh\u00e1ch h\u00e0ng d\u1ec5 b\u1ecb t\u1ed5n th\u01b0\u01a1ng<\/h1>\n<div><\/div>\n<strong>LEGIER Beteiligungs mbH<\/strong>\u00a0(sau \u0111\u00e2y g\u1ecdi l\u00e0 LEGIER) v\u00e0 c\u00e1c th\u01b0\u01a1ng hi\u1ec7u li\u00ean k\u1ebft ScandicEstate, ScandicPay, ScandicTrust v\u00e0 ScandicTrade r\u1ea5t coi tr\u1ecdng s\u1ef1 an to\u00e0n v\u00e0 s\u1ee9c kh\u1ecfe c\u1ee7a kh\u00e1ch h\u00e0ng. M\u1ee5c ti\u00eau c\u1ee7a ch\u00fang t\u00f4i l\u00e0 \u0111\u1ea3m b\u1ea3o t\u1ea5t c\u1ea3 kh\u00e1ch h\u00e0ng, \u0111\u1eb7c bi\u1ec7t l\u00e0 nh\u1eefng ng\u01b0\u1eddi d\u1ec5 b\u1ecb t\u1ed5n th\u01b0\u01a1ng do ho\u00e0n c\u1ea3nh c\u00e1 nh\u00e2n, \u0111\u1ec1u \u0111\u01b0\u1ee3c h\u1ed7 tr\u1ee3 v\u00e0 b\u1ea3o v\u1ec7 ph\u00f9 h\u1ee3p.\n\n&nbsp;\n<h2>Kh\u00e1ch h\u00e0ng d\u1ec5 b\u1ecb t\u1ed5n th\u01b0\u01a1ng l\u00e0 g\u00ec?<\/h2>\n<div><\/div>\nKh\u00e1ch h\u00e0ng d\u1ec5 b\u1ecb t\u1ed5n th\u01b0\u01a1ng l\u00e0 c\u00e1 nh\u00e2n m\u00e0 vi\u1ec7c ra quy\u1ebft \u0111\u1ecbnh v\u00e0 tham gia v\u00e0o c\u00e1c d\u1ecbch v\u1ee5 t\u00e0i ch\u00ednh c\u00f3 th\u1ec3 b\u1ecb \u1ea3nh h\u01b0\u1edfng ti\u00eau c\u1ef1c b\u1edfi ho\u00e0n c\u1ea3nh c\u00e1 nh\u00e2n. Nh\u1eefng ho\u00e0n c\u1ea3nh n\u00e0y c\u00f3 th\u1ec3 d\u1eabn \u0111\u1ebfn h\u1eadu qu\u1ea3 b\u1ea5t l\u1ee3i nghi\u00eam tr\u1ecdng h\u01a1n \u0111\u1ed1i v\u1edbi kh\u00e1ch h\u00e0ng d\u1ec5 b\u1ecb t\u1ed5n th\u01b0\u01a1ng so v\u1edbi nh\u1eefng kh\u00e1ch h\u00e0ng kh\u00e1c, kh\u00f4ng d\u1ec5 b\u1ecb t\u1ed5n th\u01b0\u01a1ng.\n\n&nbsp;\n<h2>Nh\u1eefng y\u1ebfu t\u1ed1 n\u00e0o c\u00f3 th\u1ec3 g\u00f3p ph\u1ea7n g\u00e2y ra r\u1ee7i ro cho kh\u00e1ch h\u00e0ng?<\/h2>\n<div><\/div>\n<ul>\n \t<li><strong>S\u1ee9c kh\u1ecfe:<\/strong>\u00a0Khuy\u1ebft t\u1eadt ho\u1eb7c b\u1ec7nh t\u1eadt v\u1ec1 th\u1ec3 ch\u1ea5t ho\u1eb7c tinh th\u1ea7n l\u00e0m h\u1ea1n ch\u1ebf kh\u1ea3 n\u0103ng th\u1ef1c hi\u1ec7n c\u00e1c c\u00f4ng vi\u1ec7c h\u00e0ng ng\u00e0y.<\/li>\n \t<li><strong>S\u1ef1 ki\u1ec7n cu\u1ed9c s\u1ed1ng:<\/strong>\u00a0Nh\u1eefng s\u1ef1 ki\u1ec7n quan tr\u1ecdng nh\u01b0 m\u1ea5t \u0111i ng\u01b0\u1eddi th\u00e2n y\u00eau, m\u1ea5t vi\u1ec7c l\u00e0m ho\u1eb7c tan v\u1ee1 m\u1ed9t m\u1ed1i quan h\u1ec7.<\/li>\n \t<li><strong>Kh\u1ea3 n\u0103ng ph\u1ee5c h\u1ed3i:<\/strong>\u00a0Kh\u1ea3 n\u0103ng \u1ee9ng ph\u00f3 v\u1edbi nh\u1eefng c\u00fa s\u1ed1c v\u1ec1 t\u00e0i ch\u00ednh ho\u1eb7c c\u1ea3m x\u00fac th\u1ea5p.<\/li>\n \t<li><strong>Hi\u1ec7u su\u1ea5t:<\/strong>\u00a0Thi\u1ebfu hi\u1ec3u bi\u1ebft v\u1ec1 v\u1ea5n \u0111\u1ec1 t\u00e0i ch\u00ednh, thi\u1ebfu t\u1ef1 tin khi qu\u1ea3n l\u00fd ti\u1ec1n b\u1ea1c ho\u1eb7c c\u00f3 k\u1ef9 n\u0103ng h\u1ea1n ch\u1ebf nh\u01b0 k\u1ef9 n\u0103ng \u0111\u1ecdc vi\u1ebft ho\u1eb7c k\u1ef9 n\u0103ng s\u1ed1.<\/li>\n<\/ul>\n<h2><\/h2>\n<h2>M\u1ed1i \u0111e d\u1ecda c\u00f3 th\u1ec3 \u1ea3nh h\u01b0\u1edfng \u0111\u1ebfn kh\u00e1ch h\u00e0ng nh\u01b0 th\u1ebf n\u00e0o?<\/h2>\n<div><\/div>\n<ul>\n \t<li><strong>H\u1ea1n ch\u1ebf v\u1ec1 m\u1eb7t c\u00f4ng ngh\u1ec7:<\/strong>\u00a0Kh\u00e1ch h\u00e0ng l\u1edbn tu\u1ed5i c\u00f3 th\u1ec3 g\u1eb7p kh\u00f3 kh\u0103n khi s\u1eed d\u1ee5ng n\u1ec1n t\u1ea3ng \u0111\u1ea7u t\u01b0 c\u1ee7a ch\u00fang t\u00f4i do thi\u1ebfu k\u1ef9 n\u0103ng k\u1ef9 thu\u1eadt.<\/li>\n \t<li><strong>Hi\u1ec7u su\u1ea5t tinh th\u1ea7n:<\/strong>\u00a0N\u0103ng l\u1ef1c tinh th\u1ea7n h\u1ea1n ch\u1ebf c\u00f3 th\u1ec3 d\u1eabn \u0111\u1ebfn nh\u1eefng quy\u1ebft \u0111\u1ecbnh sai l\u1ea7m, \u0111\u1eb7c bi\u1ec7t l\u00e0 v\u1edbi c\u00e1c s\u1ea3n ph\u1ea9m t\u00e0i ch\u00ednh r\u1ee7i ro.<\/li>\n \t<li><strong>Quy\u1ebft \u0111\u1ecbnh d\u1ef1a tr\u00ean c\u1ea3m x\u00fac:<\/strong>\u00a0M\u1ed9t s\u1ed1 s\u1ef1 ki\u1ec7n ho\u1eb7c \u0111\u1eb7c \u0111i\u1ec3m nh\u1ea5t \u0111\u1ecbnh c\u00f3 th\u1ec3 d\u1eabn \u0111\u1ebfn c\u00e1c quy\u1ebft \u0111\u1ecbnh \u0111\u1ea7u t\u01b0 b\u1ed1c \u0111\u1ed3ng ho\u1eb7c theo c\u1ea3m x\u00fac, ch\u1eb3ng h\u1ea1n nh\u01b0:\n<ul>\n \t<li>Ch\u1ea9n \u0111o\u00e1n \u0111\u1ed9t ng\u1ed9t v\u1ec1 m\u1ed9t c\u0103n b\u1ec7nh nghi\u00eam tr\u1ecdng \u1edf kh\u00e1ch h\u00e0ng ho\u1eb7c m\u1ed9t th\u00e0nh vi\u00ean trong gia \u0111\u00ecnh.<\/li>\n \t<li>C\u00e1c tr\u01b0\u1eddng h\u1ee3p kh\u1ea9n c\u1ea5p v\u1ec1 t\u00e0i ch\u00ednh.<\/li>\n \t<li>C\u00e1c v\u1ea5n \u0111\u1ec1 s\u1ee9c kh\u1ecfe li\u00ean quan \u0111\u1ebfn nghi\u1ec7n ng\u1eadp (v\u00ed d\u1ee5: nghi\u1ec7n c\u1edd b\u1ea1c ho\u1eb7c h\u00e0nh vi c\u01b0\u1ee1ng ch\u1ebf).<\/li>\n \t<li>C\u00e1c b\u1ec7nh t\u00e2m th\u1ea7n nh\u01b0 tr\u1ea7m c\u1ea3m, lo \u00e2u ho\u1eb7c c\u00f3 \u00fd \u0111\u1ecbnh t\u1ef1 t\u1eed.<\/li>\n<\/ul>\n<\/li>\n<\/ul>\n<div><\/div>\n<h2>LEGIER v\u00e0 c\u00e1c th\u01b0\u01a1ng hi\u1ec7u li\u00ean quan h\u1ed7 tr\u1ee3 kh\u00e1ch h\u00e0ng d\u1ec5 b\u1ecb t\u1ed5n th\u01b0\u01a1ng nh\u01b0 th\u1ebf n\u00e0o?<\/h2>\n<div><\/div>\nN\u1ebfu b\u1ea1n tin r\u1eb1ng m\u00ecnh b\u1ecb \u1ea3nh h\u01b0\u1edfng b\u1edfi b\u1ea5t k\u1ef3 \u0111\u1eb7c \u0111i\u1ec3m l\u1ed7 h\u1ed5ng b\u1ea3o m\u1eadt n\u00e0o, vui l\u00f2ng th\u00f4ng b\u00e1o cho ch\u00fang t\u00f4i c\u00e0ng s\u1edbm c\u00e0ng t\u1ed1t. V\u00ec nhi\u1ec1u \u0111\u1eb7c \u0111i\u1ec3m n\u00e0y kh\u00f4ng d\u1ec5 nh\u1eadn bi\u1ebft, ch\u00fang t\u00f4i tin t\u01b0\u1edfng v\u00e0o s\u1ef1 minh b\u1ea1ch c\u1ee7a b\u1ea1n. Vui l\u00f2ng li\u00ean h\u1ec7 v\u1edbi ch\u00fang t\u00f4i b\u1eb1ng c\u00e1ch m\u1edf phi\u1ebfu y\u00eau c\u1ea7u th\u00f4ng qua b\u1ed9 ph\u1eadn ch\u0103m s\u00f3c kh\u00e1ch h\u00e0ng. \u0110\u1ec3 tr\u00e1nh ch\u1eadm tr\u1ec5, ch\u00fang t\u00f4i y\u00eau c\u1ea7u b\u1ea1n kh\u00f4ng t\u1ea1o nhi\u1ec1u phi\u1ebfu y\u00eau c\u1ea7u cho c\u00f9ng m\u1ed9t v\u1ea5n \u0111\u1ec1. \u0110\u1ed9i ng\u0169 c\u1ee7a ch\u00fang t\u00f4i s\u1ebd x\u1eed l\u00fd y\u00eau c\u1ea7u c\u1ee7a b\u1ea1n ngay l\u1eadp t\u1ee9c.\n\n<img decoding=\"async\" class=\"gold_image\" src=\"https:\/\/legiergroup.info\/wp-content\/uploads\/2025\/10\/gefahrdete_kunden.jpg\" width=\"100%\" \/>\n<h2><\/h2>\n<h2><span style=\"color: inherit; font-family: inherit;\">C\u00e1c b\u01b0\u1edbc ch\u00fang t\u00f4i th\u1ef1c hi\u1ec7n \u0111\u1ec3 \u1ee9ng ph\u00f3 v\u1edbi s\u1ef1 ti\u1ebfp x\u00fac c\u1ee7a kh\u00e1ch h\u00e0ng<\/span><\/h2>\n<div><span style=\"color: inherit; font-family: inherit;\">\u00a0<\/span><\/div>\nLEGIER c\u00f3 c\u00e1c ch\u00ednh s\u00e1ch v\u00e0 quy tr\u00ecnh r\u00f5 r\u00e0ng \u0111\u1ec3 x\u1eed l\u00fd c\u00e1c kh\u00e1ch h\u00e0ng d\u1ec5 b\u1ecb t\u1ed5n th\u01b0\u01a1ng. V\u00ec m\u1ed7i t\u00ecnh hu\u1ed1ng l\u00e0 kh\u00e1c nhau, ch\u00fang t\u00f4i \u00e1p d\u1ee5ng ph\u01b0\u01a1ng ph\u00e1p ti\u1ebfp c\u1eadn \u0111\u01b0\u1ee3c thi\u1ebft k\u1ebf ri\u00eang cho t\u1eebng tr\u01b0\u1eddng h\u1ee3p c\u1ee5 th\u1ec3. C\u00e1c nguy\u00ean t\u1eafc chung c\u1ee7a ch\u00fang t\u00f4i bao g\u1ed3m:\n<ul>\n \t<li><strong>C\u00e2n nh\u1eafc c\u00e1 nh\u00e2n:<\/strong>\u00a0Ch\u00fang t\u00f4i \u0111i\u1ec1u ch\u1ec9nh ph\u01b0\u01a1ng th\u1ee9c giao ti\u1ebfp v\u00e0 h\u1ed7 tr\u1ee3 theo nhu c\u1ea7u c\u1ee7a nh\u1eefng kh\u00e1ch h\u00e0ng d\u1ec5 b\u1ecb t\u1ed5n th\u01b0\u01a1ng.<\/li>\n \t<li><strong>Nguy hi\u1ec3m nh\u01b0 m\u1ed9t \u0111i\u1ec1u ki\u1ec7n:<\/strong>\u00a0Ch\u00fang t\u00f4i hi\u1ec3u r\u1eb1ng t\u00ecnh tr\u1ea1ng ph\u01a1i nhi\u1ec5m n\u00e0y c\u00f3 th\u1ec3 ch\u1ec9 l\u00e0 t\u1ea1m th\u1eddi v\u00e0 kh\u00f4ng ph\u1ea3i t\u1ea5t c\u1ea3 kh\u00e1ch h\u00e0ng \u0111\u1ec1u b\u1ecb \u1ea3nh h\u01b0\u1edfng nh\u01b0 nhau.<\/li>\n \t<li><strong>\u01afu ti\u00ean c\u1ee7a h\u1ea1nh ph\u00fac:<\/strong>\u00a0S\u1ee9c kh\u1ecfe c\u1ee7a t\u1ea5t c\u1ea3 nh\u1eefng ng\u01b0\u1eddi d\u1ec5 b\u1ecb t\u1ed5n th\u01b0\u01a1ng l\u00e0 \u01b0u ti\u00ean h\u00e0ng \u0111\u1ea7u c\u1ee7a ch\u00fang t\u00f4i. Ch\u00fang t\u00f4i \u0111i\u1ec1u tr\u1ecb cho t\u1eebng kh\u00e1ch h\u00e0ng m\u1ed9t c\u00e1ch ri\u00eang bi\u1ec7t v\u00e0 ph\u00f9 h\u1ee3p v\u1edbi nhu c\u1ea7u c\u1ee7a h\u1ecd.<\/li>\n \t<li><strong>Gi\u00e1m s\u00e1t v\u00e0 h\u1ed7 tr\u1ee3:<\/strong>\u00a0Ch\u00fang t\u00f4i s\u1ebd \u0111\u00e1nh gi\u00e1 m\u1ee9c \u0111\u1ed9 \u1ea3nh h\u01b0\u1edfng c\u1ee7a m\u1ed1i \u0111e d\u1ecda \u0111\u1ebfn vi\u1ec7c s\u1eed d\u1ee5ng d\u1ecbch v\u1ee5 c\u1ee7a ch\u00fang t\u00f4i v\u00e0 cung c\u1ea5p h\u1ed7 tr\u1ee3 khi c\u1ea7n thi\u1ebft.<\/li>\n<\/ul>\n<div><\/div>\n<div><\/div>\nN\u1ebfu ch\u00fang t\u00f4i kh\u00f4ng th\u1ec3 \u0111\u1ea3m b\u1ea3o r\u1eb1ng kh\u00e1ch h\u00e0ng d\u1ec5 b\u1ecb t\u1ed5n th\u01b0\u01a1ng \u0111\u01b0\u1ee3c \u0111\u1ed1i x\u1eed c\u00f4ng b\u1eb1ng, ch\u00fang t\u00f4i c\u00f3 quy\u1ec1n kh\u00f4ng tham gia v\u00e0o b\u1ea5t k\u1ef3 m\u1ed1i quan h\u1ec7 kinh doanh n\u00e0o. Vi\u1ec7c ti\u1ebft l\u1ed9 th\u00f4ng tin v\u1ec1 kh\u00e1ch h\u00e0ng d\u1ec5 b\u1ecb t\u1ed5n th\u01b0\u01a1ng sau \u0111\u00f3 c\u0169ng c\u00f3 th\u1ec3 d\u1eabn \u0111\u1ebfn vi\u1ec7c ch\u1ea5m d\u1ee9t m\u1ed1i quan h\u1ec7 hi\u1ec7n t\u1ea1i, \u0111\u1eb7c bi\u1ec7t n\u1ebfu th\u00f4ng tin \u0111\u00f3 kh\u00f4ng \u0111\u01b0\u1ee3c nh\u1eadn th\u1ea5y ngay l\u1eadp t\u1ee9c. M\u1ed9t s\u1ed1 \u0111\u1eb7c \u0111i\u1ec3m d\u1ec5 b\u1ecb t\u1ed5n th\u01b0\u01a1ng (v\u00ed d\u1ee5: tu\u1ed5i t\u00e1c) d\u1ec5 nh\u1eadn th\u1ea5y h\u01a1n nh\u1eefng \u0111\u1eb7c \u0111i\u1ec3m kh\u00e1c, v\u00e0 ch\u00fang t\u00f4i kh\u00f4ng c\u00f3 ngh\u0129a v\u1ee5 ph\u1ea3i ch\u1ee7 \u0111\u1ed9ng t\u00ecm ki\u1ebfm nh\u1eefng kh\u00e1ch h\u00e0ng d\u1ec5 b\u1ecb t\u1ed5n th\u01b0\u01a1ng \u00edt \u0111\u01b0\u1ee3c ch\u00fa \u00fd h\u01a1n.\n\n&nbsp;\n<h2>B\u1ea1n c\u00f3 th\u1ec3 y\u00eau c\u1ea7u h\u1ed7 tr\u1ee3 th\u00eam \u1edf \u0111\u00e2u?<\/h2>\n<div><\/div>\nKh\u00e1ch h\u00e0ng d\u1ec5 b\u1ecb t\u1ed5n th\u01b0\u01a1ng c\u00f3 th\u1ec3 li\u00ean h\u1ec7 v\u1edbi c\u00e1c t\u1ed5 ch\u1ee9c sau \u0111\u1ec3 \u0111\u01b0\u1ee3c h\u1ed7 tr\u1ee3 th\u00eam:\n<ul>\n \t<li><strong>Ng\u01b0\u1eddi Sa-ma-ri:<\/strong>\u00a0H\u1ed7 tr\u1ee3 nh\u1eefng ng\u01b0\u1eddi c\u00f3 \u00fd \u0111\u1ecbnh t\u1ef1 t\u1eed, tr\u1ea7m c\u1ea3m ho\u1eb7c lo \u00e2u.<\/li>\n \t<li><strong>MoneyHelper:<\/strong>\u00a0T\u01b0 v\u1ea5n t\u00e0i ch\u00ednh t\u1ea1i moneyhelper.org.uk.<\/li>\n \t<li><strong>L\u1eddi khuy\u00ean c\u1ee7a c\u00f4ng d\u00e2n:<\/strong>\u00a0L\u1eddi khuy\u00ean chung t\u1ea1i b\u00fcrgerberatung.de.<\/li>\n \t<li><strong>\u0110\u01b0\u1eddng d\u00e2y tr\u1ee3 gi\u00fap n\u1ee3 qu\u1ed1c gia:<\/strong>\u00a0Tr\u1ee3 gi\u00fap v\u1ec1 n\u1ee3 n\u1ea7n t\u1ea1i nationale-schuldnerhilfe.de.<\/li>\n \t<li><strong>Thay \u0111\u1ed5i b\u01b0\u1edbc:<\/strong>\u00a0Nh\u1eadn h\u1ed7 tr\u1ee3 t\u00e0i ch\u00ednh t\u1ea1i stepchange.org.<\/li>\n \t<li><strong>Qu\u1ef9 S\u1ee9c kh\u1ecfe T\u00e2m th\u1ea7n:<\/strong>\u00a0T\u00e0i nguy\u00ean t\u1ea1i stiftung-psychische-gesundheit.de.<\/li>\n \t<li><strong>T\u00c2M TR\u00cd:<\/strong>\u00a0S\u1ee9c kh\u1ecfe t\u00e2m th\u1ea7n t\u1ea1i mind.org.uk.<\/li>\n \t<li><strong>H\u1ed9i Alzheimer:<\/strong>\u00a0H\u1ed7 tr\u1ee3 b\u1ec7nh nh\u00e2n m\u1eafc ch\u1ee9ng m\u1ea5t tr\u00ed nh\u1edb t\u1ea1i deutsche-alzheimer.de.<\/li>\n \t<li><strong>Vi\u1ec7n Ho\u00e0ng gia Qu\u1ed1c gia d\u00e0nh cho Ng\u01b0\u1eddi m\u00f9 (RNIB):<\/strong>\u00a0Tr\u1ee3 gi\u00fap cho ng\u01b0\u1eddi khi\u1ebfm th\u1ecb t\u1ea1i rnib.org.uk.<\/li>\n \t<li><strong>H\u00e0nh \u0111\u1ed9ng v\u1ec1 m\u1ea5t th\u00ednh l\u1ef1c (RNID):<\/strong>\u00a0H\u1ed7 tr\u1ee3 ng\u01b0\u1eddi m\u1ea5t th\u00ednh l\u1ef1c t\u1ea1i rnid.org.uk.<\/li>\n<\/ul>\n<div><\/div>\n<div><\/div>\n<strong>T\u1ea1i LEGIER, ch\u00fang t\u00f4i n\u1ed7 l\u1ef1c h\u1ed7 tr\u1ee3 kh\u00e1ch h\u00e0ng trong m\u1ecdi t\u00ecnh hu\u1ed1ng v\u00e0 cung c\u1ea5p cho h\u1ecd s\u1ef1 h\u1ed7 tr\u1ee3 t\u1ed1t nh\u1ea5t c\u00f3 th\u1ec3, b\u1edfi v\u00ec b\u1ea1n l\u00e0 kh\u00e1ch h\u00e0ng r\u1ea5t quan tr\u1ecdng \u0111\u1ed1i v\u1edbi ch\u00fang t\u00f4i v\u00e0 ch\u1ec9 khi c\u00f9ng nhau, ch\u00fang ta m\u1edbi c\u00f3 th\u1ec3 m\u1ea1nh m\u1ebd.<\/strong>\n<div id=\"accessibility-panel\" class=\"card shadow bottom-0 end-0 mb-3 mt-3 p-2 z-3\"><\/div>\t\t\t\t\t\t\t\t<\/div>\n\t\t\t\t\t<\/div>\n\t\t\t\t<\/div>\n\t\t\t\t<\/div>","protected":false},"excerpt":{"rendered":"<p>Gef\u00e4hrdete Kunden LEGIER Beteiligungs mbH\u00a0(im Folgenden LEGIER genannt) und ihre verbundenen Marken ScandicEstate, ScandicPay, ScandicTrust und ScandicTrade legen gro\u00dfen Wert auf die Sicherheit und das Wohlergehen ihrer Kunden. Unser Ziel ist es, sicherzustellen, dass alle Kunden, insbesondere diejenigen, die aufgrund pers\u00f6nlicher Umst\u00e4nde als gef\u00e4hrdet gelten, angemessen unterst\u00fctzt und gesch\u00fctzt werden. &nbsp; Was ist ein gef\u00e4hrdeter [&hellip;]<\/p>\n","protected":false},"author":1,"featured_media":0,"parent":0,"menu_order":0,"comment_status":"closed","ping_status":"closed","template":"","meta":{"footnotes":""},"class_list":["post-744","page","type-page","status-publish","hentry"],"_links":{"self":[{"href":"https:\/\/legiergroup.info\/vi\/wp-json\/wp\/v2\/pages\/744","targetHints":{"allow":["GET"]}}],"collection":[{"href":"https:\/\/legiergroup.info\/vi\/wp-json\/wp\/v2\/pages"}],"about":[{"href":"https:\/\/legiergroup.info\/vi\/wp-json\/wp\/v2\/types\/page"}],"author":[{"embeddable":true,"href":"https:\/\/legiergroup.info\/vi\/wp-json\/wp\/v2\/users\/1"}],"replies":[{"embeddable":true,"href":"https:\/\/legiergroup.info\/vi\/wp-json\/wp\/v2\/comments?post=744"}],"version-history":[{"count":14,"href":"https:\/\/legiergroup.info\/vi\/wp-json\/wp\/v2\/pages\/744\/revisions"}],"predecessor-version":[{"id":1949,"href":"https:\/\/legiergroup.info\/vi\/wp-json\/wp\/v2\/pages\/744\/revisions\/1949"}],"wp:attachment":[{"href":"https:\/\/legiergroup.info\/vi\/wp-json\/wp\/v2\/media?parent=744"}],"curies":[{"name":"wp","href":"https:\/\/api.w.org\/{rel}","templated":true}]}}