{"id":158,"date":"2025-09-15T13:16:48","date_gmt":"2025-09-15T13:16:48","guid":{"rendered":"https:\/\/legiergroup.info\/contact-us\/"},"modified":"2025-10-23T11:50:25","modified_gmt":"2025-10-23T11:50:25","slug":"scandicgroup","status":"publish","type":"page","link":"https:\/\/legiergroup.info\/zh\/scandicgroup\/","title":{"rendered":"Scandic Group"},"content":{"rendered":"<div data-elementor-type=\"wp-page\" data-elementor-id=\"158\" class=\"elementor elementor-158\" data-elementor-post-type=\"page\">\n\t\t\t\t<div class=\"elementor-element elementor-element-58c779e4 e-flex e-con-boxed e-con e-parent\" data-id=\"58c779e4\" data-element_type=\"container\" data-e-type=\"container\">\n\t\t\t\t\t<div class=\"e-con-inner\">\n\t\t<div class=\"elementor-element elementor-element-7034862b e-con-full e-flex e-con e-child\" data-id=\"7034862b\" data-element_type=\"container\" data-e-type=\"container\">\n\t\t\t\t<div class=\"elementor-element elementor-element-4d2b9e2b elementor-widget__width-initial elementor-absolute elementor-widget elementor-widget-spacer\" data-id=\"4d2b9e2b\" data-element_type=\"widget\" data-e-type=\"widget\" data-settings=\"{&quot;_position&quot;:&quot;absolute&quot;}\" data-widget_type=\"spacer.default\">\n\t\t\t\t\t\t\t<div class=\"elementor-spacer\">\n\t\t\t<div class=\"elementor-spacer-inner\"><\/div>\n\t\t<\/div>\n\t\t\t\t\t\t<\/div>\n\t\t\t\t<div class=\"elementor-element elementor-element-1a9de317 elementor-invisible elementor-widget elementor-widget-heading\" data-id=\"1a9de317\" data-element_type=\"widget\" data-e-type=\"widget\" data-settings=\"{&quot;_animation&quot;:&quot;fadeInUp&quot;}\" data-widget_type=\"heading.default\">\n\t\t\t\t\t<h3 class=\"elementor-heading-title elementor-size-default\">\u4f5c\u8005\uff1aLegier\uff1a<\/h3>\t\t\t\t<\/div>\n\t\t\t\t<div class=\"elementor-element elementor-element-7c30a19b elementor-widget elementor-widget-heading\" data-id=\"7c30a19b\" data-element_type=\"widget\" data-e-type=\"widget\" data-widget_type=\"heading.default\">\n\t\t\t\t\t<h1 class=\"elementor-heading-title elementor-size-default\">Scandic Group<\/h1>\t\t\t\t<\/div>\n\t\t\t\t<div class=\"elementor-element elementor-element-27d5d622 elementor-widget elementor-widget-text-editor\" data-id=\"27d5d622\" data-element_type=\"widget\" data-e-type=\"widget\" data-widget_type=\"text-editor.default\">\n\t\t\t\t\t\t\t\t\t<p data-start=\"242\" data-end=\"507\">LEGIER \u7684 ScandicGroup \u5c06\u91d1\u878d\u3001\u623f\u5730\u4ea7\u3001\u6280\u672f\u3001\u79fb\u52a8\u3001\u5065\u5eb7\u548c\u5b89\u5168\u9886\u57df\u7684\u5f3a\u5927\u54c1\u724c\u8054\u5408\u8d77\u6765\u3002\u4f5c\u4e3a LEGIER \u5a92\u4f53\u96c6\u56e2\u7684\u4e00\u90e8\u5206\uff0cScandicGroup \u4ee3\u8868\u7740\u521b\u65b0\u3001\u56fd\u9645\u7f51\u7edc\u548c\u53ef\u6301\u7eed\u589e\u957f\u3002.<\/p><p data-start=\"509\" data-end=\"900\">\u65e0\u8bba\u662f <strong data-start=\"516\" data-end=\"530\">ScandicPay<\/strong> \u73b0\u4ee3\u91d1\u878d\u548c\u6295\u8d44\u89e3\u51b3\u65b9\u6848\u3001, <strong data-start=\"575\" data-end=\"592\">ScandicEstate<\/strong> \u56fd\u9645\u623f\u5730\u4ea7\u9879\u76ee\u3001, <strong data-start=\"632\" data-end=\"646\">ScandicFly<\/strong> \u548c <strong data-start=\"651\" data-end=\"668\">ScandicYachts<\/strong> \u4e13\u4eab\u79fb\u52a8\u6027\u3001, <strong data-start=\"694\" data-end=\"709\">ScandicData<\/strong> \u9ad8\u6027\u80fd IT \u57fa\u7840\u8bbe\u65bd\u6216 <strong data-start=\"752\" data-end=\"767\">Scandic SEC<\/strong> \u5728\u5b89\u5168\u89e3\u51b3\u65b9\u6848\u65b9\u9762\uff0c\u6bcf\u4e2a\u54c1\u724c\u90fd\u8ffd\u6c42\u5c06\u4f18\u8d28\u670d\u52a1\u4e0e\u4fe1\u4efb\u548c\u8d23\u4efb\u76f8\u7ed3\u5408\u7684\u76ee\u6807\u3002.<\/p><p data-start=\"902\" data-end=\"1124\">ScandicGroup \u5c06\u4f01\u4e1a\u7684\u591a\u6837\u6027\u4e0e\u5353\u8d8a\u7684\u6280\u672f\u76f8\u7ed3\u5408\u3002\u6211\u4eec\u7684\u4f7f\u547d\uff1a\u521b\u9020\u521b\u65b0\uff0c\u5c06\u4e16\u754c\u5404\u5730\u7684\u4eba\u4eec\u3001\u516c\u53f8\u548c\u5e02\u573a\u8054\u7cfb\u8d77\u6765\uff0c\u4ece\u800c\u79ef\u6781\u5851\u9020\u672a\u6765\u3002.<\/p>\t\t\t\t\t\t\t\t<\/div>\n\t\t\t\t<\/div>\n\t\t\t\t\t<\/div>\n\t\t\t\t<\/div>\n\t\t<div class=\"elementor-element elementor-element-57f5bf3 e-flex e-con-boxed e-con e-parent\" data-id=\"57f5bf3\" data-element_type=\"container\" data-e-type=\"container\">\n\t\t\t\t\t<div class=\"e-con-inner\">\n\t\t<div class=\"elementor-element elementor-element-63ec2cf e-con-full e-flex e-con e-child\" data-id=\"63ec2cf\" data-element_type=\"container\" data-e-type=\"container\">\n\t\t\t\t<div class=\"elementor-element elementor-element-80be4fe elementor-widget elementor-widget-image\" data-id=\"80be4fe\" data-element_type=\"widget\" data-e-type=\"widget\" data-widget_type=\"image.default\">\n\t\t\t\t\t\t\t\t\t\t\t\t\t\t\t\t<a href=\"https:\/\/legiergroup.info\/zh\/scandic-data\/\">\n\t\t\t\t\t\t\t<img fetchpriority=\"high\" decoding=\"async\" width=\"800\" height=\"599\" src=\"https:\/\/legiergroup.info\/wp-content\/uploads\/2025\/09\/04ea61a44e34c3e42d4dfac2b3c02ecb9c918455db36ddd17fa1b48d5977131a-1.jpg\" class=\"attachment-large size-large wp-image-400\" alt=\"\" srcset=\"https:\/\/legiergroup.info\/wp-content\/uploads\/2025\/09\/04ea61a44e34c3e42d4dfac2b3c02ecb9c918455db36ddd17fa1b48d5977131a-1.jpg 836w, https:\/\/legiergroup.info\/wp-content\/uploads\/2025\/09\/04ea61a44e34c3e42d4dfac2b3c02ecb9c918455db36ddd17fa1b48d5977131a-1-300x225.jpg 300w, https:\/\/legiergroup.info\/wp-content\/uploads\/2025\/09\/04ea61a44e34c3e42d4dfac2b3c02ecb9c918455db36ddd17fa1b48d5977131a-1-768x575.jpg 768w\" sizes=\"(max-width: 800px) 100vw, 800px\" \/>\t\t\t\t\t\t\t\t<\/a>\n\t\t\t\t\t\t\t\t\t\t\t\t\t\t\t<\/div>\n\t\t\t\t<div class=\"elementor-element elementor-element-f95442a elementor-widget elementor-widget-text-editor\" data-id=\"f95442a\" data-element_type=\"widget\" data-e-type=\"widget\" data-widget_type=\"text-editor.default\">\n\t\t\t\t\t\t\t\t\t<p class=\"p1\">ScandicData - \u60a8\u4f4d\u4e8e\u5df4\u6797\u7684\u5148\u8fdb\u6570\u636e\u4e2d\u5fc3\uff0c\u91c7\u7528 IBM \u5927\u578b\u673a\u3001\u4e13\u6709\u4eba\u5de5\u667a\u80fd\u7ec4\u4ef6\u548c Darktrace \u89e3\u51b3\u65b9\u6848\uff0c\u786e\u4fdd\u53ef\u9760\u6027\u548c\u5b89\u5168\u6027\u3002.<\/p>\t\t\t\t\t\t\t\t<\/div>\n\t\t\t\t<\/div>\n\t\t\t\t<div class=\"elementor-element elementor-element-181b845 elementor-widget elementor-widget-spacer\" data-id=\"181b845\" data-element_type=\"widget\" data-e-type=\"widget\" data-widget_type=\"spacer.default\">\n\t\t\t\t\t\t\t<div class=\"elementor-spacer\">\n\t\t\t<div class=\"elementor-spacer-inner\"><\/div>\n\t\t<\/div>\n\t\t\t\t\t\t<\/div>\n\t\t<div class=\"elementor-element elementor-element-2ae7183 e-con-full e-flex e-con e-child\" data-id=\"2ae7183\" data-element_type=\"container\" data-e-type=\"container\">\n\t\t\t\t<div class=\"elementor-element elementor-element-7d06358 elementor-widget elementor-widget-image\" data-id=\"7d06358\" data-element_type=\"widget\" data-e-type=\"widget\" data-widget_type=\"image.default\">\n\t\t\t\t\t\t\t\t\t\t\t\t\t\t\t\t<a href=\"https:\/\/legiergroup.info\/zh\/scandictrust\/\">\n\t\t\t\t\t\t\t<img decoding=\"async\" width=\"300\" height=\"156\" src=\"https:\/\/legiergroup.info\/wp-content\/uploads\/2025\/09\/trust-transparent-PNG5-scaled-e1758833888753-300x156.png\" class=\"attachment-medium size-medium wp-image-394\" alt=\"\" srcset=\"https:\/\/legiergroup.info\/wp-content\/uploads\/2025\/09\/trust-transparent-PNG5-scaled-e1758833888753-300x156.png 300w, https:\/\/legiergroup.info\/wp-content\/uploads\/2025\/09\/trust-transparent-PNG5-scaled-e1758833888753-1024x531.png 1024w, https:\/\/legiergroup.info\/wp-content\/uploads\/2025\/09\/trust-transparent-PNG5-scaled-e1758833888753-768x398.png 768w, https:\/\/legiergroup.info\/wp-content\/uploads\/2025\/09\/trust-transparent-PNG5-scaled-e1758833888753-1536x796.png 1536w, https:\/\/legiergroup.info\/wp-content\/uploads\/2025\/09\/trust-transparent-PNG5-scaled-e1758833888753-2048x1062.png 2048w, https:\/\/legiergroup.info\/wp-content\/uploads\/2025\/09\/trust-transparent-PNG5-scaled-e1758833888753-18x9.png 18w\" sizes=\"(max-width: 300px) 100vw, 300px\" \/>\t\t\t\t\t\t\t\t<\/a>\n\t\t\t\t\t\t\t\t\t\t\t\t\t\t\t<\/div>\n\t\t\t\t<div class=\"elementor-element elementor-element-14137cc elementor-widget elementor-widget-text-editor\" data-id=\"14137cc\" data-element_type=\"widget\" data-e-type=\"widget\" data-widget_type=\"text-editor.default\">\n\t\t\t\t\t\t\t\t\t<p>Scandic Group - \u60a8\u7684\u8d44\u4ea7\u4fdd\u62a4\u548c\u53ef\u6301\u7eed\u4f20\u627f\u5408\u4f5c\u4f19\u4f34\uff0c\u4fdd\u62a4\u8d44\u4ea7\uff0c\u5b9e\u73b0\u613f\u666f - \u9762\u5411\u672a\u6765\u7684\u89e3\u51b3\u65b9\u6848\u3002.<\/p>\t\t\t\t\t\t\t\t<\/div>\n\t\t\t\t<\/div>\n\t\t\t\t<div class=\"elementor-element elementor-element-b0226e0 elementor-widget elementor-widget-spacer\" data-id=\"b0226e0\" data-element_type=\"widget\" data-e-type=\"widget\" data-widget_type=\"spacer.default\">\n\t\t\t\t\t\t\t<div class=\"elementor-spacer\">\n\t\t\t<div class=\"elementor-spacer-inner\"><\/div>\n\t\t<\/div>\n\t\t\t\t\t\t<\/div>\n\t\t<div class=\"elementor-element elementor-element-ca17f90 e-con-full e-flex e-con e-child\" data-id=\"ca17f90\" data-element_type=\"container\" data-e-type=\"container\">\n\t\t\t\t<div class=\"elementor-element elementor-element-024e135 elementor-widget elementor-widget-image\" data-id=\"024e135\" data-element_type=\"widget\" data-e-type=\"widget\" data-widget_type=\"image.default\">\n\t\t\t\t\t\t\t\t\t\t\t\t\t\t\t\t<a href=\"https:\/\/scandicsec.com\/\" target=\"_blank\" rel=\"noopener\">\n\t\t\t\t\t\t\t<img decoding=\"async\" width=\"800\" height=\"498\" src=\"https:\/\/legiergroup.info\/wp-content\/uploads\/2025\/09\/53563f1de4b2db0eca713e6eb4e52a1341b5b8c3d8ccaa1b376fd7ae746db835-1-1024x637.jpg\" class=\"attachment-large size-large wp-image-395\" alt=\"\" srcset=\"https:\/\/legiergroup.info\/wp-content\/uploads\/2025\/09\/53563f1de4b2db0eca713e6eb4e52a1341b5b8c3d8ccaa1b376fd7ae746db835-1-1024x637.jpg 1024w, https:\/\/legiergroup.info\/wp-content\/uploads\/2025\/09\/53563f1de4b2db0eca713e6eb4e52a1341b5b8c3d8ccaa1b376fd7ae746db835-1-300x187.jpg 300w, https:\/\/legiergroup.info\/wp-content\/uploads\/2025\/09\/53563f1de4b2db0eca713e6eb4e52a1341b5b8c3d8ccaa1b376fd7ae746db835-1-768x478.jpg 768w, https:\/\/legiergroup.info\/wp-content\/uploads\/2025\/09\/53563f1de4b2db0eca713e6eb4e52a1341b5b8c3d8ccaa1b376fd7ae746db835-1.jpg 1280w\" sizes=\"(max-width: 800px) 100vw, 800px\" \/>\t\t\t\t\t\t\t\t<\/a>\n\t\t\t\t\t\t\t\t\t\t\t\t\t\t\t<\/div>\n\t\t\t\t<div class=\"elementor-element elementor-element-e7b3593 elementor-widget elementor-widget-text-editor\" data-id=\"e7b3593\" data-element_type=\"widget\" data-e-type=\"widget\" data-widget_type=\"text-editor.default\">\n\t\t\t\t\t\t\t\t\t<p class=\"p1\">SCANDIC SEC - \u91cd\u65b0\u5b9a\u4e49\u5168\u7403\u5b89\u5168\uff1a\u96c6\u6210\u7684\u7269\u7406\u548c\u6570\u5b57\u4fdd\u62a4\u89e3\u51b3\u65b9\u6848\u3001\u6700\u5148\u8fdb\u7684\u6280\u672f\u548c\u96c4\u539a\u7684\u8d44\u91d1\u5b9e\u529b\u5728\u5168\u7403\u8303\u56f4\u5185\u63d0\u4f9b\u503c\u5f97\u4fe1\u8d56\u7684\u4fdd\u62a4\u3002.<\/p>\t\t\t\t\t\t\t\t<\/div>\n\t\t\t\t<\/div>\n\t\t\t\t\t<\/div>\n\t\t\t\t<\/div>\n\t\t<div class=\"elementor-element elementor-element-d18e78f e-flex e-con-boxed e-con e-parent\" data-id=\"d18e78f\" data-element_type=\"container\" data-e-type=\"container\">\n\t\t\t\t\t<div class=\"e-con-inner\">\n\t\t<div class=\"elementor-element elementor-element-c6b32b1 e-con-full e-flex e-con e-child\" data-id=\"c6b32b1\" data-element_type=\"container\" data-e-type=\"container\">\n\t\t\t\t<div class=\"elementor-element elementor-element-fd6029d elementor-widget elementor-widget-image\" data-id=\"fd6029d\" data-element_type=\"widget\" data-e-type=\"widget\" data-widget_type=\"image.default\">\n\t\t\t\t\t\t\t\t\t\t\t\t\t\t\t\t<a href=\"https:\/\/scandic.health\/\" target=\"_blank\" rel=\"noopener\">\n\t\t\t\t\t\t\t<img loading=\"lazy\" decoding=\"async\" width=\"800\" height=\"509\" src=\"https:\/\/legiergroup.info\/wp-content\/uploads\/2025\/09\/39aa49d9df2c5451669f70a59a7fb252082e20f7206745625593c38b9d9c4b22-1-1024x651.jpg\" class=\"attachment-large size-large wp-image-399\" alt=\"\" srcset=\"https:\/\/legiergroup.info\/wp-content\/uploads\/2025\/09\/39aa49d9df2c5451669f70a59a7fb252082e20f7206745625593c38b9d9c4b22-1-1024x651.jpg 1024w, https:\/\/legiergroup.info\/wp-content\/uploads\/2025\/09\/39aa49d9df2c5451669f70a59a7fb252082e20f7206745625593c38b9d9c4b22-1-300x191.jpg 300w, https:\/\/legiergroup.info\/wp-content\/uploads\/2025\/09\/39aa49d9df2c5451669f70a59a7fb252082e20f7206745625593c38b9d9c4b22-1-768x488.jpg 768w, https:\/\/legiergroup.info\/wp-content\/uploads\/2025\/09\/39aa49d9df2c5451669f70a59a7fb252082e20f7206745625593c38b9d9c4b22-1.jpg 1280w\" sizes=\"(max-width: 800px) 100vw, 800px\" \/>\t\t\t\t\t\t\t\t<\/a>\n\t\t\t\t\t\t\t\t\t\t\t\t\t\t\t<\/div>\n\t\t\t\t<div class=\"elementor-element elementor-element-9662ab5 elementor-widget elementor-widget-text-editor\" data-id=\"9662ab5\" data-element_type=\"widget\" data-e-type=\"widget\" data-widget_type=\"text-editor.default\">\n\t\t\t\t\t\t\t\t\t<p class=\"p1\">SCANDIC HEALTH - \u91cd\u65b0\u5b9a\u4e49\u7684\u7f51\u7edc\u5316\u533b\u7597\u4fdd\u5065\uff1a\u5c06\u6700\u5148\u8fdb\u7684\u533b\u7597\u6280\u672f\u548c\u4f18\u8d28\u7684\u624b\u672f\u5ba4\u670d\u52a1\u7ed3\u5408\u5728\u4e00\u8d77\uff0c\u4e3a\u60a8\u7684\u5065\u5eb7\u63d0\u4f9b\u5168\u7403\u6027\u670d\u52a1\u3002.<\/p>\t\t\t\t\t\t\t\t<\/div>\n\t\t\t\t<\/div>\n\t\t\t\t<div class=\"elementor-element elementor-element-e4c33cb elementor-widget elementor-widget-spacer\" data-id=\"e4c33cb\" data-element_type=\"widget\" data-e-type=\"widget\" data-widget_type=\"spacer.default\">\n\t\t\t\t\t\t\t<div class=\"elementor-spacer\">\n\t\t\t<div class=\"elementor-spacer-inner\"><\/div>\n\t\t<\/div>\n\t\t\t\t\t\t<\/div>\n\t\t<div class=\"elementor-element elementor-element-c7c46d5 e-con-full e-flex e-con e-child\" data-id=\"c7c46d5\" data-element_type=\"container\" data-e-type=\"container\">\n\t\t\t\t<div class=\"elementor-element elementor-element-e78ab56 elementor-widget elementor-widget-image\" data-id=\"e78ab56\" data-element_type=\"widget\" data-e-type=\"widget\" data-widget_type=\"image.default\">\n\t\t\t\t\t\t\t\t\t\t\t\t\t\t\t\t<a href=\"http:\/\/scandicyachts.com\" target=\"_blank\" rel=\"noopener\">\n\t\t\t\t\t\t\t<img loading=\"lazy\" decoding=\"async\" width=\"300\" height=\"218\" src=\"https:\/\/legiergroup.info\/wp-content\/uploads\/2025\/09\/158376e1825729743bc560f211effd66381e7e89d0fe4b1ef57ccf35f747df37-1-300x218.jpg\" class=\"attachment-medium size-medium wp-image-398\" alt=\"\" srcset=\"https:\/\/legiergroup.info\/wp-content\/uploads\/2025\/09\/158376e1825729743bc560f211effd66381e7e89d0fe4b1ef57ccf35f747df37-1-300x218.jpg 300w, https:\/\/legiergroup.info\/wp-content\/uploads\/2025\/09\/158376e1825729743bc560f211effd66381e7e89d0fe4b1ef57ccf35f747df37-1-1024x745.jpg 1024w, https:\/\/legiergroup.info\/wp-content\/uploads\/2025\/09\/158376e1825729743bc560f211effd66381e7e89d0fe4b1ef57ccf35f747df37-1-768x559.jpg 768w, https:\/\/legiergroup.info\/wp-content\/uploads\/2025\/09\/158376e1825729743bc560f211effd66381e7e89d0fe4b1ef57ccf35f747df37-1.jpg 1243w\" sizes=\"(max-width: 300px) 100vw, 300px\" \/>\t\t\t\t\t\t\t\t<\/a>\n\t\t\t\t\t\t\t\t\t\t\t\t\t\t\t<\/div>\n\t\t\t\t<div class=\"elementor-element elementor-element-f60655a elementor-widget elementor-widget-text-editor\" data-id=\"f60655a\" data-element_type=\"widget\" data-e-type=\"widget\" data-widget_type=\"text-editor.default\">\n\t\t\t\t\t\t\t\t\t<p>ScandicYachts - \u60a8\u7684\u56fd\u9645\u6e38\u8247\u7ecf\u7eaa\u4eba\uff0c\u4e13\u95e8\u4ece\u4e8b\u8c6a\u534e\u8d85\u7ea7\u6e38\u8247\u7684\u9500\u552e\u548c\u7ecf\u7eaa\u4e1a\u52a1\uff0c\u62e5\u6709\u4e30\u5bcc\u7684\u5e02\u573a\u77e5\u8bc6\u3001\u8c28\u614e\u7684\u5efa\u8bae\u548c\u5168\u7403\u7f51\u7edc\u3002.<\/p>\t\t\t\t\t\t\t\t<\/div>\n\t\t\t\t<\/div>\n\t\t\t\t<div class=\"elementor-element elementor-element-c35c6a6 elementor-widget elementor-widget-spacer\" data-id=\"c35c6a6\" data-element_type=\"widget\" data-e-type=\"widget\" data-widget_type=\"spacer.default\">\n\t\t\t\t\t\t\t<div class=\"elementor-spacer\">\n\t\t\t<div class=\"elementor-spacer-inner\"><\/div>\n\t\t<\/div>\n\t\t\t\t\t\t<\/div>\n\t\t<div class=\"elementor-element elementor-element-34a22a4 e-con-full e-flex e-con e-child\" data-id=\"34a22a4\" data-element_type=\"container\" data-e-type=\"container\">\n\t\t\t\t<div class=\"elementor-element elementor-element-fcc8ea7 elementor-widget elementor-widget-image\" data-id=\"fcc8ea7\" data-element_type=\"widget\" data-e-type=\"widget\" data-widget_type=\"image.default\">\n\t\t\t\t\t\t\t\t\t\t\t\t\t\t\t\t<a href=\"http:\/\/scandicfly.com\" target=\"_blank\" rel=\"noopener\">\n\t\t\t\t\t\t\t<img loading=\"lazy\" decoding=\"async\" width=\"800\" height=\"575\" src=\"https:\/\/legiergroup.info\/wp-content\/uploads\/2025\/09\/e38f156efbcc73fcf4bcf517d027368404a088be414ea4b9fbcc86b560356843-1-1024x736.jpg\" class=\"attachment-large size-large wp-image-401\" alt=\"\" srcset=\"https:\/\/legiergroup.info\/wp-content\/uploads\/2025\/09\/e38f156efbcc73fcf4bcf517d027368404a088be414ea4b9fbcc86b560356843-1-1024x736.jpg 1024w, https:\/\/legiergroup.info\/wp-content\/uploads\/2025\/09\/e38f156efbcc73fcf4bcf517d027368404a088be414ea4b9fbcc86b560356843-1-300x215.jpg 300w, https:\/\/legiergroup.info\/wp-content\/uploads\/2025\/09\/e38f156efbcc73fcf4bcf517d027368404a088be414ea4b9fbcc86b560356843-1-768x552.jpg 768w, https:\/\/legiergroup.info\/wp-content\/uploads\/2025\/09\/e38f156efbcc73fcf4bcf517d027368404a088be414ea4b9fbcc86b560356843-1.jpg 1168w\" sizes=\"(max-width: 800px) 100vw, 800px\" \/>\t\t\t\t\t\t\t\t<\/a>\n\t\t\t\t\t\t\t\t\t\t\t\t\t\t\t<\/div>\n\t\t\t\t<div class=\"elementor-element elementor-element-b77580f elementor-widget elementor-widget-text-editor\" data-id=\"b77580f\" data-element_type=\"widget\" data-e-type=\"widget\" data-widget_type=\"text-editor.default\">\n\t\t\t\t\t\t\t\t\t<p>ScandicFly - \u60a8\u7684\u55b7\u6c14\u673a\u7ecf\u7eaa\u4eba\uff0c\u63d0\u4f9b\u5168\u7403\u79c1\u4eba\u55b7\u6c14\u673a\u5305\u673a\u670d\u52a1 - \u5feb\u901f\u3001\u8c28\u614e\u3001\u91cf\u8eab\u5b9a\u5236\u3002\u65e0\u8bba\u662f\u5546\u52a1\u8fd8\u662f\u4f11\u95f2\uff1a\u6211\u4eec\u63d0\u4f9b\u5168\u7403\u673a\u961f\u3002.<\/p>\t\t\t\t\t\t\t\t<\/div>\n\t\t\t\t<\/div>\n\t\t\t\t\t<\/div>\n\t\t\t\t<\/div>\n\t\t<div class=\"elementor-element elementor-element-39b22c1 e-flex e-con-boxed e-con e-parent\" data-id=\"39b22c1\" data-element_type=\"container\" data-e-type=\"container\">\n\t\t\t\t\t<div class=\"e-con-inner\">\n\t\t<div class=\"elementor-element elementor-element-85bd7e3 e-con-full e-flex e-con e-child\" data-id=\"85bd7e3\" data-element_type=\"container\" data-e-type=\"container\">\n\t\t\t\t<div class=\"elementor-element elementor-element-5fe497c elementor-widget elementor-widget-image\" data-id=\"5fe497c\" data-element_type=\"widget\" data-e-type=\"widget\" data-widget_type=\"image.default\">\n\t\t\t\t\t\t\t\t\t\t\t\t\t\t\t\t<a href=\"https:\/\/scandicpay.de\/german\/\" target=\"_blank\" rel=\"noopener\">\n\t\t\t\t\t\t\t<img loading=\"lazy\" decoding=\"async\" width=\"800\" height=\"559\" src=\"https:\/\/legiergroup.info\/wp-content\/uploads\/2025\/09\/pay-transparent-PNG-scaled-e1758126157495-1024x715.png\" class=\"attachment-large size-large wp-image-391\" alt=\"\" srcset=\"https:\/\/legiergroup.info\/wp-content\/uploads\/2025\/09\/pay-transparent-PNG-scaled-e1758126157495-1024x715.png 1024w, https:\/\/legiergroup.info\/wp-content\/uploads\/2025\/09\/pay-transparent-PNG-scaled-e1758126157495-300x210.png 300w, https:\/\/legiergroup.info\/wp-content\/uploads\/2025\/09\/pay-transparent-PNG-scaled-e1758126157495-768x536.png 768w, https:\/\/legiergroup.info\/wp-content\/uploads\/2025\/09\/pay-transparent-PNG-scaled-e1758126157495.png 1270w\" sizes=\"(max-width: 800px) 100vw, 800px\" \/>\t\t\t\t\t\t\t\t<\/a>\n\t\t\t\t\t\t\t\t\t\t\t\t\t\t\t<\/div>\n\t\t\t\t<div class=\"elementor-element elementor-element-ad5926e elementor-widget elementor-widget-text-editor\" data-id=\"ad5926e\" data-element_type=\"widget\" data-e-type=\"widget\" data-widget_type=\"text-editor.default\">\n\t\t\t\t\t\t\t\t\t<p class=\"p1\">ScandicPay - \u521b\u610f\u3001\u6709\u8fdc\u89c1\u7684\u4f17\u7b79\u3001\u8d44\u4ea7\u3001\u521b\u65b0\u5408\u4f5c\u4f19\u4f34\u3001\u5927\u8d44\u672c\u548c\u6570\u5b57\u672a\u6765\u6c47\u805a\u4e00\u5802\u3002.<\/p>\t\t\t\t\t\t\t\t<\/div>\n\t\t\t\t<\/div>\n\t\t\t\t<div class=\"elementor-element elementor-element-d4070b9 elementor-widget elementor-widget-spacer\" data-id=\"d4070b9\" data-element_type=\"widget\" data-e-type=\"widget\" data-widget_type=\"spacer.default\">\n\t\t\t\t\t\t\t<div class=\"elementor-spacer\">\n\t\t\t<div class=\"elementor-spacer-inner\"><\/div>\n\t\t<\/div>\n\t\t\t\t\t\t<\/div>\n\t\t<div class=\"elementor-element elementor-element-c84b427 e-con-full e-flex e-con e-child\" data-id=\"c84b427\" data-element_type=\"container\" data-e-type=\"container\">\n\t\t\t\t<div class=\"elementor-element elementor-element-0c57bc0 elementor-widget elementor-widget-image\" data-id=\"0c57bc0\" data-element_type=\"widget\" data-e-type=\"widget\" data-widget_type=\"image.default\">\n\t\t\t\t\t\t\t\t\t\t\t\t\t\t\t\t<a href=\"https:\/\/legiergroup.info\/zh\/scandic-cars\/\">\n\t\t\t\t\t\t\t<img loading=\"lazy\" decoding=\"async\" width=\"300\" height=\"85\" src=\"https:\/\/legiergroup.info\/wp-content\/uploads\/2025\/10\/ScandicCars-Cut-dark-300x85.png\" class=\"attachment-medium size-medium wp-image-1851\" alt=\"\" srcset=\"https:\/\/legiergroup.info\/wp-content\/uploads\/2025\/10\/ScandicCars-Cut-dark-300x85.png 300w, https:\/\/legiergroup.info\/wp-content\/uploads\/2025\/10\/ScandicCars-Cut-dark-1024x291.png 1024w, https:\/\/legiergroup.info\/wp-content\/uploads\/2025\/10\/ScandicCars-Cut-dark-768x218.png 768w, https:\/\/legiergroup.info\/wp-content\/uploads\/2025\/10\/ScandicCars-Cut-dark-18x5.png 18w, https:\/\/legiergroup.info\/wp-content\/uploads\/2025\/10\/ScandicCars-Cut-dark.png 1344w\" sizes=\"(max-width: 300px) 100vw, 300px\" \/>\t\t\t\t\t\t\t\t<\/a>\n\t\t\t\t\t\t\t\t\t\t\t\t\t\t\t<\/div>\n\t\t\t\t<div class=\"elementor-element elementor-element-867b83b elementor-widget elementor-widget-text-editor\" data-id=\"867b83b\" data-element_type=\"widget\" data-e-type=\"widget\" data-widget_type=\"text-editor.default\">\n\t\t\t\t\t\t\t\t\t<p data-start=\"94\" data-end=\"244\">Ihr Partner f\u00fcr exklusive Sportwagen und Luxuslimousinen \u2013 weltweit verf\u00fcgbar, diskret und flexibel.<\/p>\t\t\t\t\t\t\t\t<\/div>\n\t\t\t\t<\/div>\n\t\t\t\t<div class=\"elementor-element elementor-element-ca0d6e0 elementor-widget elementor-widget-spacer\" data-id=\"ca0d6e0\" data-element_type=\"widget\" data-e-type=\"widget\" data-widget_type=\"spacer.default\">\n\t\t\t\t\t\t\t<div class=\"elementor-spacer\">\n\t\t\t<div class=\"elementor-spacer-inner\"><\/div>\n\t\t<\/div>\n\t\t\t\t\t\t<\/div>\n\t\t<div class=\"elementor-element elementor-element-34c83f7 e-con-full e-flex e-con e-child\" data-id=\"34c83f7\" data-element_type=\"container\" data-e-type=\"container\">\n\t\t\t\t<div class=\"elementor-element elementor-element-d36324c elementor-widget elementor-widget-image\" data-id=\"d36324c\" data-element_type=\"widget\" data-e-type=\"widget\" data-widget_type=\"image.default\">\n\t\t\t\t\t\t\t\t\t\t\t\t\t\t\t\t<a href=\"https:\/\/legiergroup.info\/zh\/scandic-trade\/\">\n\t\t\t\t\t\t\t<img loading=\"lazy\" decoding=\"async\" width=\"800\" height=\"607\" src=\"https:\/\/legiergroup.info\/wp-content\/uploads\/2025\/09\/final-scandic-trade-PNG-1024x777.png\" class=\"attachment-large size-large wp-image-390\" alt=\"\" srcset=\"https:\/\/legiergroup.info\/wp-content\/uploads\/2025\/09\/final-scandic-trade-PNG-1024x777.png 1024w, https:\/\/legiergroup.info\/wp-content\/uploads\/2025\/09\/final-scandic-trade-PNG-300x228.png 300w, https:\/\/legiergroup.info\/wp-content\/uploads\/2025\/09\/final-scandic-trade-PNG-768x583.png 768w, https:\/\/legiergroup.info\/wp-content\/uploads\/2025\/09\/final-scandic-trade-PNG-1536x1165.png 1536w, https:\/\/legiergroup.info\/wp-content\/uploads\/2025\/09\/final-scandic-trade-PNG.png 1996w\" sizes=\"(max-width: 800px) 100vw, 800px\" \/>\t\t\t\t\t\t\t\t<\/a>\n\t\t\t\t\t\t\t\t\t\t\t\t\t\t\t<\/div>\n\t\t\t\t<div class=\"elementor-element elementor-element-3318dfa elementor-widget elementor-widget-text-editor\" data-id=\"3318dfa\" data-element_type=\"widget\" data-e-type=\"widget\" data-widget_type=\"text-editor.default\">\n\t\t\t\t\t\t\t\t\t<p>\u901a\u8fc7\u6211\u4eec\u7684 - SCANDIC TRADE \u8fdb\u5165\u5168\u7403\u5e02\u573a\uff1a\u80a1\u7968\u3001\u5916\u6c47\u3001\u52a0\u5bc6\u8d27\u5e01\u3001\u78b3\u4fe1\u7528\u989d\u5ea6\u3001\u5546\u54c1\u7b49\u3002.<\/p>\t\t\t\t\t\t\t\t<\/div>\n\t\t\t\t<\/div>\n\t\t\t\t\t<\/div>\n\t\t\t\t<\/div>\n\t\t\t\t<\/div>","protected":false},"excerpt":{"rendered":"<p>by Legier: Scandic Group Die ScandicGroup by LEGIER vereint starke Marken in den Bereichen Finanzen, Immobilien, Technologie, Mobilit\u00e4t, Gesundheit und Sicherheit. Als Teil der LEGIER Mediengruppe steht die ScandicGroup f\u00fcr Innovation, internationale Vernetzung und nachhaltiges Wachstum. Ob mit ScandicPay f\u00fcr moderne Finanz- und Investmentl\u00f6sungen, ScandicEstate f\u00fcr internationale Immobilienprojekte, ScandicFly und ScandicYachts f\u00fcr exklusive Mobilit\u00e4t, ScandicData [&hellip;]<\/p>\n","protected":false},"author":1,"featured_media":394,"parent":0,"menu_order":0,"comment_status":"closed","ping_status":"closed","template":"elementor_header_footer","meta":{"footnotes":""},"class_list":["post-158","page","type-page","status-publish","has-post-thumbnail","hentry"],"_links":{"self":[{"href":"https:\/\/legiergroup.info\/zh\/wp-json\/wp\/v2\/pages\/158","targetHints":{"allow":["GET"]}}],"collection":[{"href":"https:\/\/legiergroup.info\/zh\/wp-json\/wp\/v2\/pages"}],"about":[{"href":"https:\/\/legiergroup.info\/zh\/wp-json\/wp\/v2\/types\/page"}],"author":[{"embeddable":true,"href":"https:\/\/legiergroup.info\/zh\/wp-json\/wp\/v2\/users\/1"}],"replies":[{"embeddable":true,"href":"https:\/\/legiergroup.info\/zh\/wp-json\/wp\/v2\/comments?post=158"}],"version-history":[{"count":32,"href":"https:\/\/legiergroup.info\/zh\/wp-json\/wp\/v2\/pages\/158\/revisions"}],"predecessor-version":[{"id":1927,"href":"https:\/\/legiergroup.info\/zh\/wp-json\/wp\/v2\/pages\/158\/revisions\/1927"}],"wp:featuredmedia":[{"embeddable":true,"href":"https:\/\/legiergroup.info\/zh\/wp-json\/wp\/v2\/media\/394"}],"wp:attachment":[{"href":"https:\/\/legiergroup.info\/zh\/wp-json\/wp\/v2\/media?parent=158"}],"curies":[{"name":"wp","href":"https:\/\/api.w.org\/{rel}","templated":true}]}}