{"id":1647,"date":"2025-10-06T14:24:19","date_gmt":"2025-10-06T14:24:19","guid":{"rendered":"https:\/\/legiergroup.info\/?page_id=1647"},"modified":"2025-10-21T13:42:50","modified_gmt":"2025-10-21T13:42:50","slug":"scandic-estate","status":"publish","type":"page","link":"https:\/\/legiergroup.info\/zh\/scandic-estate\/","title":{"rendered":"Scandic Estate"},"content":{"rendered":"<div data-elementor-type=\"wp-page\" data-elementor-id=\"1647\" class=\"elementor elementor-1647\" data-elementor-post-type=\"page\">\n\t\t\t\t<div class=\"elementor-element elementor-element-dbc1eab e-flex e-con-boxed e-con e-parent\" data-id=\"dbc1eab\" data-element_type=\"container\" data-e-type=\"container\">\n\t\t\t\t\t<div class=\"e-con-inner\">\n\t\t\t\t<div class=\"elementor-element elementor-element-4aa14b7 elementor-widget elementor-widget-text-editor\" data-id=\"4aa14b7\" data-element_type=\"widget\" data-e-type=\"widget\" data-widget_type=\"text-editor.default\">\n\t\t\t\t\t\t\t\t\t<div><img decoding=\"async\" class=\"gold_image\" src=\"https:\/\/scandicestate.com\/web\/leistungsportfolio\/leistungsportfolio.jpg\" width=\"100%\"><\/div>\n<h1><br><\/h1><h1>SCANDIC ESTATE \u670d\u52a1\u7ec4\u5408\u6982\u89c8<\/h1><div><br><\/div>\n<p>SCANDIC ESTATE \u662f LEGIER BETEILIGUNGS MBH \u65d7\u4e0b\u7684\u4e00\u4e2a\u54c1\u724c\uff0c\u5728\u5fb7\u56fd\u623f\u5730\u4ea7\u5e02\u573a\u4eab\u6709\u76db\u8a89\uff0c\u4e3a\u79c1\u4eba\u548c\u5546\u4e1a\u5ba2\u6237\u63d0\u4f9b\u91cf\u8eab\u5b9a\u5236\u7684\u89e3\u51b3\u65b9\u6848\u3002\u516c\u53f8\u4ee5\u67cf\u6797\u4e3a\u4e2d\u5fc3\uff0c\u6df1\u5165\u4e86\u89e3\u5e02\u573a\u52a8\u6001\uff0c\u5728\u529e\u516c\u7a7a\u95f4\u3001\u4f4f\u5b85\u3001\u96f6\u552e\u7a7a\u95f4\u548c\u7269\u6d41\u5730\u4ea7\u7b49\u9886\u57df\u4e3a\u5ba2\u6237\u63d0\u4f9b\u652f\u6301\u3002\u4ee5\u4e0b\u662f\u6211\u4eec\u6240\u63d0\u4f9b\u670d\u52a1\u7684\u8be6\u7ec6\u6982\u8ff0\u3002.<\/p><p><br><\/p>\n<h2>1. \u529e\u516c\u7a7a\u95f4<\/h2><div><br><\/div>\n<p>\u5fb7\u56fd\u7684\u529e\u516c\u7a7a\u95f4\u5e02\u573a\uff0c\u5c24\u5176\u662f\u67cf\u6797\u7684\u529e\u516c\u7a7a\u95f4\u5e02\u573a\uff0c\u4ee5\u7a33\u5b9a\u548c\u9ad8\u9700\u6c42\u4e3a\u7279\u70b9--\u8fd9\u4e5f\u662f\u9996\u90fd\u5bf9\u5404\u79cd\u89c4\u6a21\u7684\u516c\u53f8\uff08\u4ece\u521d\u521b\u516c\u53f8\u5230\u8de8\u56fd\u516c\u53f8\uff09\u90fd\u5177\u6709\u5438\u5f15\u529b\u7684\u6807\u5fd7\u3002SCANDIC ESTATE \u53ef\u5e2e\u52a9\u4f01\u4e1a\u627e\u5230\u7406\u60f3\u7684\u529e\u516c\u7a7a\u95f4\u5e76\u63d0\u4f9b\u76f8\u5173\u670d\u52a1\uff1a<\/p>\n<ul>\n<li>\u7075\u6d3b\u7684\u8054\u5408\u529e\u516c\u7a7a\u95f4\uff1a\u975e\u5e38\u9002\u5408\u5bfb\u6c42\u7075\u6d3b\u6027\u548c\u4ea4\u6d41\u673a\u4f1a\u7684\u521d\u521b\u4f01\u4e1a\u548c\u5c0f\u578b\u516c\u53f8\u3002.<\/li>\n<li>\u7ecf\u5178\u529e\u516c\u697c\uff1a\u9002\u7528\u4e8e\u6709\u4f20\u7edf\u8981\u6c42\u7684\u516c\u53f8\u3002.<\/li>\n<li>\u9601\u697c\u7a7a\u95f4\u548c\u65b0\u5efa\u7b51\uff1a\u975e\u5e38\u9002\u5408\u521b\u610f\u6216\u73b0\u4ee3\u5de5\u4f5c\u73af\u5883\u3002.<\/li>\n<li>\u5168\u9762\u7684\u5efa\u8bae\uff1a\u4ece\u5206\u6790\u5730\u70b9\u5230\u7b7e\u8ba2\u5408\u540c\u3002.<\/li>\n<\/ul>\n<p>SCANDIC ESTATE \u7684\u987e\u95ee\u786e\u4fdd\u7269\u4e1a\u6ee1\u8db3\u5ba2\u6237\u7684\u6218\u7565\u548c\u8fd0\u8425\u9700\u6c42\u3002.<\/p>\n<h2><br><\/h2><h2>2. \u4f4f\u5b85\u7269\u4e1a<\/h2>\n<p>SCANDIC ESTATE \u4e3a\u4f4f\u5b85\u548c\u591a\u6237\u4f4f\u5b85\u7684\u4e70\u5356\u53cc\u65b9\u63d0\u4f9b\u5168\u9762\u7684\u670d\u52a1\uff1a<\/p>\n<ul>\n<li>\u8d2d\u4e70\u548c\u9500\u552e\uff1a\u534f\u52a9\u8d2d\u4e70\u6216\u9500\u552e\uff0c\u5305\u62ec\u8fdb\u884c\u5e02\u573a\u5206\u6790\u4ee5\u83b7\u5f97\u6700\u4f73\u4ef7\u683c\u3002.<\/li>\n<li>\u514d\u8d39\u5e02\u573a\u4ef7\u503c\u8bc4\u4f30\uff1a\u4f9b\u5356\u65b9\u786e\u5b9a\u5176\u623f\u4ea7\u7684\u4ef7\u503c\u3002.<\/li>\n<li>\u6295\u8d44\u5efa\u8bae\uff1a\u5e2e\u52a9\u5728\u6709\u524d\u666f\u7684\u5730\u6bb5\u5bfb\u627e\u53ef\u589e\u503c\u7684\u623f\u4ea7\u3002.<\/li>\n<\/ul>\n<p>SCANDIC ESTATE \u51ed\u501f\u5176\u4e13\u4e1a\u6280\u80fd\uff0c\u4f7f\u6574\u4e2a\u6d41\u7a0b\u9ad8\u6548\u4e14\u6709\u5229\u53ef\u56fe\u3002.<\/p><p><br><\/p>\n<h2>3. \u96f6\u552e\u7a7a\u95f4<\/h2>\n<p>\u5fb7\u56fd\u548c\u6b27\u6d32\u7684\u96f6\u552e\u4e1a\u4e3a\u5e0c\u671b\u5efa\u7acb\u6216\u6269\u5927\u4e1a\u52a1\u7684\u516c\u53f8\u63d0\u4f9b\u4e86\u7406\u60f3\u7684\u6761\u4ef6\u3002SCANDIC ESTATE \u4e3a\u96f6\u552e\u5546\u5bfb\u627e\u6700\u4f73\u5730\u70b9\u63d0\u4f9b\u652f\u6301\uff1a<\/p><p><br><\/p>\n<ul>\n<li>\u65d7\u8230\u5e97\uff1a\u5728\u8457\u540d\u7684\u5730\u70b9\uff08\u5982\u67cf\u6797\u7684\u77e5\u540d\u8857\u533a\uff09\u5c55\u793a\u54c1\u724c\u3002.<\/li>\n<li>\u5730\u70b9\u54a8\u8be2\uff1a\u5206\u6790\u5ba2\u6237\u9891\u7387\u3001\u4ea4\u901a\u4fbf\u5229\u6027\u548c\u7ade\u4e89\u60c5\u51b5\u3002.<\/li>\n<li>\u79df\u8d41\u6d41\u7a0b\uff1a\u4ece\u5bfb\u627e\u5230\u7b7e\u8ba2\u5408\u540c\u7684\u5168\u8fc7\u7a0b\u652f\u6301\u3002.<\/li><li><br><\/li>\n<\/ul>\n<p>\u7269\u4e1a\u987e\u95ee\u5e2e\u52a9\u54c1\u724c\u8fdb\u884c\u6700\u4f73\u5b9a\u4f4d\uff0c\u5e76\u4ece\u52a8\u6001\u7684\u96f6\u552e\u73af\u5883\u4e2d\u83b7\u76ca\u3002.<\/p><p><br><\/p>\n<h2>4. \u7269\u6d41\u548c\u5de5\u4e1a\u5730\u4ea7<\/h2>\n<p>\u5f97\u76ca\u4e8e\u5176\u4e2d\u5fc3\u4f4d\u7f6e\u3001\u73b0\u4ee3\u5316\u7684\u4ea4\u901a\u8fde\u63a5\u548c\u53ef\u6301\u7eed\u7684\u7269\u6d41\u89e3\u51b3\u65b9\u6848\uff0c\u67cf\u6797\u4e3a\u5de5\u4e1a\u4f01\u4e1a\u63d0\u4f9b\u4e86\u7406\u60f3\u7684\u6761\u4ef6\u3002SCANDIC ESTATE \u4e3a\u5bfb\u627e\u5408\u9002\u7684\u7269\u6d41\u5730\u4ea7\u63d0\u4f9b\u652f\u6301\uff1a<\/p><p><br><\/p>\n<ul>\n<li>\u79df\u623f\u548c\u4e70\u623f\uff1a\u4e2d\u4ecb\u7b26\u5408\u7279\u5b9a\u8981\u6c42\u7684\u623f\u4ea7\u3002.<\/li>\n<li>\u9009\u5740\u5206\u6790\uff1a\u4e3a\u62e5\u6709\u4e00\u6d41\u57fa\u7840\u8bbe\u65bd\u7684\u6700\u4f73\u9009\u5740\u63d0\u4f9b\u5efa\u8bae\u3002.<\/li>\n<li>\u6d41\u7a0b\u652f\u6301\uff1a\u5728\u7b7e\u8ba2\u5408\u540c\u524d\u7684\u6240\u6709\u6b65\u9aa4\u4e2d\u63d0\u4f9b\u652f\u6301\u3002.<\/li>\n<\/ul><div><br><\/div>\n<p>\u987e\u95ee\u5e2e\u52a9\u516c\u53f8\u6709\u6548\u5730\u7ec4\u7ec7\u7269\u6d41\u6d3b\u52a8\u3002.<\/p><p><br><\/p><p><br><\/p>\n<h2>\u8054\u7cfb\u6211\u4eec<\/h2>\n<p>\u5982\u9700\u4e2a\u4eba\u54a8\u8be2\u6216\u4e86\u89e3\u66f4\u591a\u4fe1\u606f\uff0c\u8bf7\u8054\u7cfb SCANDIC ESTATE\uff0c\u5730\u5740\u662f<\/p>\n<ul>\n<li>\u7535\u8bdd&nbsp;<a href=\"tel:+4930408174005\" target=\"_blank\" rel=\"noopener noreferrer\">+49 30 99211 &#8211; 3 469<\/a><\/li>\n<li>\u7535\u5b50\u90ae\u4ef6&nbsp;<a href=\"mailto:Mail@ScandicEstate.de\" target=\"_blank\" rel=\"noopener noreferrer\">Mail@ScandicEstate.de<\/a><\/li>\n<\/ul><div><br><\/div>\n<h2>\u7ed3\u8bba<\/h2>\n<p>SCANDIC ESTATE \u63d0\u4f9b\u5168\u9762\u7684\u6295\u8d44\u7ec4\u5408\uff0c\u6db5\u76d6\u623f\u5730\u4ea7\u5e02\u573a\u7684\u6240\u6709\u5173\u952e\u9886\u57df\u3002\u516c\u53f8\u4ee5\u67cf\u6797\u4e3a\u91cd\u70b9\uff0c\u4e3a\u5ba2\u6237\u63d0\u4f9b\u91cf\u8eab\u5b9a\u5236\u7684\u89e3\u51b3\u65b9\u6848--\u65e0\u8bba\u662f\u529e\u516c\u7a7a\u95f4\u3001\u4f4f\u5b85\u7269\u4e1a\u3001\u96f6\u552e\u7a7a\u95f4\u8fd8\u662f\u7269\u6d41\u7269\u4e1a\u3002\u5728\u5145\u6ee1\u6d3b\u529b\u7684\u5fb7\u56fd\u623f\u5730\u4ea7\u5e02\u573a\uff0cSCANDIC ESTATE \u662f\u60a8\u503c\u5f97\u4fe1\u8d56\u7684\u5408\u4f5c\u4f19\u4f34\u3002.<\/p>\t\t\t\t\t\t\t\t<\/div>\n\t\t\t\t\t<\/div>\n\t\t\t\t<\/div>\n\t\t\t\t<\/div>","protected":false},"excerpt":{"rendered":"<p>\u00dcberblick \u00fcber das Leistungsportfolio von SCANDIC ESTATE SCANDIC ESTATE, eine Marke der LEGIER BETEILIGUNGS MBH, ist ein etablierter Akteur im deutschen Immobilienmarkt und bietet ma\u00dfgeschneiderte L\u00f6sungen f\u00fcr private und gewerbliche Kunden. Mit einem Fokus auf Berlin und einem tiefen Verst\u00e4ndnis der Marktdynamik unterst\u00fctzt das Unternehmen seine Kunden in den Bereichen B\u00fcrofl\u00e4chen, Wohnimmobilien, Einzelhandelsfl\u00e4chen und Logistikimmobilien. [&hellip;]<\/p>\n","protected":false},"author":2,"featured_media":0,"parent":0,"menu_order":0,"comment_status":"closed","ping_status":"closed","template":"","meta":{"footnotes":""},"class_list":["post-1647","page","type-page","status-publish","hentry"],"_links":{"self":[{"href":"https:\/\/legiergroup.info\/zh\/wp-json\/wp\/v2\/pages\/1647","targetHints":{"allow":["GET"]}}],"collection":[{"href":"https:\/\/legiergroup.info\/zh\/wp-json\/wp\/v2\/pages"}],"about":[{"href":"https:\/\/legiergroup.info\/zh\/wp-json\/wp\/v2\/types\/page"}],"author":[{"embeddable":true,"href":"https:\/\/legiergroup.info\/zh\/wp-json\/wp\/v2\/users\/2"}],"replies":[{"embeddable":true,"href":"https:\/\/legiergroup.info\/zh\/wp-json\/wp\/v2\/comments?post=1647"}],"version-history":[{"count":11,"href":"https:\/\/legiergroup.info\/zh\/wp-json\/wp\/v2\/pages\/1647\/revisions"}],"predecessor-version":[{"id":1817,"href":"https:\/\/legiergroup.info\/zh\/wp-json\/wp\/v2\/pages\/1647\/revisions\/1817"}],"wp:attachment":[{"href":"https:\/\/legiergroup.info\/zh\/wp-json\/wp\/v2\/media?parent=1647"}],"curies":[{"name":"wp","href":"https:\/\/api.w.org\/{rel}","templated":true}]}}