{"id":716,"date":"2025-09-17T01:06:22","date_gmt":"2025-09-17T01:06:22","guid":{"rendered":"https:\/\/legiergroup.info\/?page_id=716"},"modified":"2025-10-21T13:46:04","modified_gmt":"2025-10-21T13:46:04","slug":"%e5%85%83%e7%b4%a0","status":"publish","type":"page","link":"https:\/\/legiergroup.info\/zh\/elementor-seite-716\/","title":{"rendered":"\u53ef\u6301\u7eed\u6027"},"content":{"rendered":"<div data-elementor-type=\"wp-page\" data-elementor-id=\"716\" class=\"elementor elementor-716\" data-elementor-post-type=\"page\">\n\t\t\t\t<div class=\"elementor-element elementor-element-bb00e2c e-flex e-con-boxed e-con e-parent\" data-id=\"bb00e2c\" data-element_type=\"container\" data-e-type=\"container\">\n\t\t\t\t\t<div class=\"e-con-inner\">\n\t\t\t\t<div class=\"elementor-element elementor-element-fb1e623 elementor-widget elementor-widget-text-editor\" data-id=\"fb1e623\" data-element_type=\"widget\" data-e-type=\"widget\" data-widget_type=\"text-editor.default\">\n\t\t\t\t\t\t\t\t\t<h1>\u53ef\u6301\u7eed\u6027\uff082025 \u5e74\u957f\u7bc7\uff09<\/h1><p>LEGIER MEDIENGRUPPE \u7684\u53ef\u6301\u7eed\u6027\u6218\u7565--2025 \u5e74\u957f\u7248<\/p><p><strong>\u5de5\u4f5c\u6587\u4ef6 - LEGIER MEDIENGRUPPE \u7684 ESG \u8bae\u7a0b\u7684\u7ed3\u6784\u5316\u8be6\u7ec6\u4ecb\u7ecd\u00a0<\/strong>(\u5fb7\u6587\uff09\u3002\u5176\u57fa\u7840\u662f\u8fd9\u4e00\u5185\u90e8\u6f14\u793a\u4ee5\u53ca LEGIER \u7f51\u7ad9\u4e0a\u7684\u516c\u5f00\u5185\u5bb9\u548c\u5927\u516c\u53f8\uff08\u5fae\u8f6f\u3001\u8c37\u6b4c\/Alphabet\u3001\u4e9a\u9a6c\u900a\u3001\u897f\u95e8\u5b50\uff09\u7684\u6700\u4f73\u5b9e\u8df5\u3002.<\/p><p>\u6267\u884c\u6458\u8981<\/p><p>LEGIER \u5c06\u81ea\u5df1\u5b9a\u4f4d\u4e3a\u4e00\u5bb6\u5168\u7403\u6027\u7684\u5a92\u4f53\u516c\u53f8\uff0c\u62e5\u6709 115 \u4efd\u65e5\u62a5\u3001\u5f3a\u5927\u7684\u6570\u5b57\u4e2d\u5fc3\u548c\u81ea\u5df1\u4f4d\u4e8e\u9ea6\u7eb3\u9ea6\uff08\u5df4\u6797\uff09\u7684\u9ad8\u6027\u80fd\u6570\u636e\u4e2d\u5fc3\u3002\u8be5\u957f\u7248\u672c\u66f4\u8be6\u7ec6\u5730\u4ecb\u7ecd\u4e86\u73af\u5883 (E)\u3001\u793e\u4f1a (S) \u548c\u6cbb\u7406 (G) \u65b9\u9762\u7684\u76ee\u6807\u3001\u5173\u952e\u6570\u636e\u3001\u6d41\u7a0b\u548c\u6cbb\u7406\uff0c\u4e0e GRI\u3001TCFD\/IFRS-S2 \u4ee5\u53ca\u672a\u6765\u7684 CSRD\/ESRS \u517c\u5bb9\u3002.<\/p><p>\u6c14\u5019\u76ee\u6807\u56fe\u7247\uff1a\u5230 2027 \u5e74\u5b9e\u73b0\u51c0\u96f6\uff08\u8303\u7574 1+2\uff09\uff1b\u5230 2030\/2035 \u5e74\u5b9e\u73b0\u8303\u7574 3 \u7684\u7ed3\u6784\u6027\u51cf\u5c11\u3002.<\/p><p>\u57fa\u4e8e\u9886\u5148\u7684\u8d85\u7ea7\u5206\u9891\u5668\u6807\u51c6\uff0c\u4e3a\u9ea6\u7eb3\u9ea6 DC \u63d0\u4f9b\u5168\u5929\u5019\u65e0\u78b3\u80fd\u6e90 (CFE)\uff0c\u5230 2027 \u5e74\uff0cPUE \u2264 1.25\u3002.<\/p><p>\u4e25\u683c\u7684\u6570\u636e\u4fdd\u62a4\u3001\u4fe1\u606f\u5b89\u5168\u548c\u516c\u6c11\u81ea\u7531\u5236\u5ea6\uff08\u9690\u79c1\u8bbe\u8ba1\u3001DPIA\u3001ISO 27001 \u8def\u7ebf\u56fe\uff09\u3002.<\/p><p>\u7b26\u5408 LkSG \u6807\u51c6\u7684\u4f9b\u5e94\u94fe\uff0c\u5305\u62ec\u4f9b\u5e94\u5546\u89c4\u8303\u3001\u5ba1\u6838\u3001\u8865\u6551\u673a\u5236\u548c\u98ce\u9669\u8bc4\u5206\u3002.<\/p><p>\u4eba\u5de5\u667a\u80fd\u4f26\u7406\u6cbb\u7406\uff08\u4eba\u5de5\u667a\u80fd\u5f71\u54cd\u8bc4\u4f30\u3001\u900f\u660e\u5ea6\u3001\u4eba\u5de5\u76d1\u7763\u3001\u5ba1\u8ba1\u8ddf\u8e2a\uff09\u3002.<\/p><p>\u5a92\u4f53\u4f26\u7406\uff1a\u7f16\u8f91\u72ec\u7acb\u3001\u53cd\u8bef\u5bfc\u3001\u5e7f\u544a\u900f\u660e\u3001\u65e0\u969c\u788d\uff08WCAG 2.2 AA\uff09\u3002.<\/p><p>1) \u80cc\u666f\u548c\u8303\u56f4<\/p><p>\u4e1a\u52a1\u6a21\u5f0f\uff1a\u4ee5\u591a\u79cd\u8bed\u8a00\u5168\u5929\u5019\u5236\u4f5c\u65b0\u95fb\uff1b115 \u4efd\u65e5\u62a5\uff1b\u6570\u5b57\u4f18\u5148\u53d1\u884c\u3002.<\/p><p>\u6280\u672f\u9aa8\u5e72\uff1a\u5728\u9ea6\u7eb3\u9ea6\u62e5\u6709 Data \u4e2d\u5fc3\uff08IBM \u5927\u578b\u673a\u3001\u9ad8\u6027\u80fd\u8ba1\u7b97\/\u4eba\u5de5\u667a\u80fd\u5de5\u4f5c\u8d1f\u8f7d\u3001Security \u5806\u6808\uff09\u3002.<\/p><p>\u8303\u56f4\uff1a\u51fa\u7248\u5546\u3001\u6570\u5b57\u5e73\u53f0\u3001\u6570\u636e\u4e2d\u5fc3\u3001\u76f8\u5173\u54c1\u724c\/\u4ea7\u54c1\u3001\u4f9b\u5e94\u94fe\u3002.<\/p><p>2) \u4efb\u52a1\u8bf4\u660e\u548c\u539f\u5219<\/p><p>\u72ec\u7acb\u65b0\u95fb\u3001\u7f16\u8f91\u4e0e\u5e7f\u544a\u5206\u79bb\u3001\u4e8b\u5b9e\u6838\u67e5\u3001\u66f4\u6b63\u653f\u7b56\u3002.<\/p><p>\u4eba\u6743\u548c\u591a\u6837\u6027\uff1a\u5bf9\u5f3a\u8feb\u52b3\u52a8\/\u7ae5\u5de5\u3001\u6b67\u89c6\u3001\u9a9a\u6270\u7684\u96f6\u5bb9\u5fcd\uff1b\u4e3e\u62a5\u6e20\u9053\u548c\u8865\u6551\u7a0b\u5e8f\u3002.<\/p><p>\u6570\u636e\u4fdd\u62a4\u548c\u516c\u6c11\u81ea\u7531\uff1a\u9690\u79c1\u8bbe\u8ba1\u3001\u6570\u636e\u6700\u5c0f\u5316\u3001\u5047\u540d\u5316\u3001\u6570\u636e\u4e3b\u4f53\u6743\u5229\u3002.<\/p><p>\u6c14\u5019\u4e0e\u73af\u5883\uff1a\u51c0\u96f6\u89c2\u70b9\uff0c\u660e\u786e\u7684\u4e2d\u671f\u76ee\u6807\uff1b\u907f\u514d\/\u51cf\u5c11\u4f18\u5148\u4e8e\u8865\u507f\u3002.<\/p><p>\u4ef7\u503c\u521b\u9020\u7684\u5b8c\u6574\u6027\uff1a\u4f9b\u5e94\u5546\u884c\u4e3a\u5b88\u5219\u3001\u5c3d\u804c\u8c03\u67e5\u3001\u5ba1\u8ba1\u6743\u3001\u5408\u540c\u951a\u5b9a\u3002.<\/p><p>\u6280\u672f\u4f26\u7406\u4e0e\u4eba\u5de5\u667a\u80fd\u7ba1\u7406\uff1a\u90e8\u7f72\u6807\u51c6\u3001\u98ce\u9669\u8bc4\u5206\u3001\u4eba\u5de5\u76d1\u7763\u3001\u6587\u6863\u8bb0\u5f55\u3002.<\/p><p>3) \u6cbb\u7406\u4e0e\u5408\u89c4<\/p><p>\u7ba1\u7406\u5c42\u7684 ESG \u59d4\u5458\u4f1a\uff08\u6c14\u5019\u3001\u4eba\u6743\u3001\u6570\u636e\/\u4eba\u5de5\u667a\u80fd\u3001\u4eba\u5458\uff09\u3002.<\/p><p>\u653f\u7b56\u5e93\uff1a\u300a\u884c\u4e3a\u51c6\u5219\u300b\u3001\u300a\u4f9b\u5e94\u5546\u51c6\u5219\u300b\u3001\u300a\u73af\u5883\u653f\u7b56\u300b\u3001\u300a\u4eba\u6743\u653f\u7b56\u300b\u3001\u300a\u73b0\u4ee3\u5974\u96b6\u5236\u58f0\u660e\u300b\u3001\u300a\u8d1f\u8d23\u4efb\u7684\u4fe1\u606f\u62ab\u9732\u300b\u3001\u300a\u4eba\u5de5\u667a\u80fd\u4f26\u7406\u300b\u3002.<\/p><p>\u98ce\u9669\u7ba1\u7406\uff1a\u5305\u62ec\u4f9b\u5e94\u94fe\u5728\u5185\u7684\u5e74\u5ea6 ESG \u98ce\u9669\u6e05\u5355\uff1b\u70ed\u56fe\u3001\u9608\u503c\u3001\u63a7\u5236\u63aa\u65bd\u3002.<\/p><p>\u62a5\u544a\u5468\u671f\uff1a\u5e74\u5ea6 ESG \u62a5\u544a + \u78b3\u6392\u653e\u62a5\u544a\uff08\u6e29\u5ba4\u6c14\u4f53\u8bae\u5b9a\u4e66\uff0c\u57fa\u4e8e\u5730\u70b9\u548c\u5e02\u573a\uff09\u3002.<\/p><p>4) \u4eba\u6743\u4e0e\u4f9b\u5e94\u94fe<\/p><p>\u4f9b\u5e94\u5546\u884c\u4e3a\u51c6\u5219\uff08\u52b3\u5de5\/\u73af\u5883\u6807\u51c6\u3001DEI\u3001\u6570\u636e\u4fdd\u62a4\u3001\u53cd\u8150\u8d25\u3001\u5ba1\u8ba1\u6743\u5229\uff09\u3002.<\/p><p>\u98ce\u9669\u9886\u57df\uff08\u5a92\u4f53\/IT\uff09\uff1a\u4e91\/\u6570\u636e\u4e2d\u5fc3\u670d\u52a1\u3001\u786c\u4ef6\uff08\u670d\u52a1\u5668\/\u56fe\u5f62\u5904\u7406\u5668\uff09\u3001\u5185\u5bb9\u81ea\u7531\u64b0\u7a3f\u4eba\u3001\u7269\u6d41\uff08\u7eb8\u5f20\uff09\u3002.<\/p><p>\u5173\u952e\u7ee9\u6548\u6307\u6807\uff1a100 % \u653f\u7b56\u63a5\u53d7\u5ea6\uff08Y1\uff09\uff0c\u2265 90 % \u9ad8\u98ce\u9669\u4f9b\u5e94\u5546\u5ba1\u8ba1\uff08Y2\uff09\uff0c100 % \u53ca\u65f6\u8865\u6551\uff08Y3\uff09\u3002.<\/p><p>\u6295\u8bc9\u673a\u5236\uff1a\u533f\u540d\u3001\u591a\u8bed\u79cd\u3001\u6709\u8bb0\u5f55\u7684\u8865\u6551\u63aa\u65bd\uff0c\u4e2d\u4f4d\u5904\u7406\u65f6\u95f4\u5c0f\u4e8e 14 \u5929\u3002.<\/p><p>5) \u6570\u636e\u4fdd\u62a4\u3001\u4fe1\u606f\u5b89\u5168\u548c\u516c\u6c11\u81ea\u7531<\/p><p>\u5728\u6240\u6709\u4ea7\u54c1\uff08\u7f51\u7edc\/\u5e94\u7528\u7a0b\u5e8f\uff09\u4e2d\u901a\u8fc7\u8bbe\u8ba1\u4fdd\u62a4\u9690\u79c1\uff1b\u5bf9\u6570\u636e\u5bc6\u96c6\u578b\u4f7f\u7528\u6848\u4f8b\u5b9a\u671f\u8fdb\u884c DPIA\u3002.<\/p><p>ISO 27001 \u8def\u7ebf\u56fe\uff08ISMS\uff09\u3001\u7b14\u6d4b\u8bd5\u3001\u7ea2\u961f\u6f14\u4e60\u3001\u8d23\u4efb\u62ab\u9732\u8ba1\u5212\u3002.<\/p><p>\u5728\u6280\u672f\u4e0a\u786e\u4fdd\u7f16\u8f91\u72ec\u7acb\u6027\uff08RBAC\u3001\u53cc\u91cd\u63a7\u5236\u539f\u5219\u3001\u65e5\u5fd7\u8bb0\u5f55\u3001\u4e0d\u53d8\u6027\u534f\u8bae\uff09\u3002.<\/p><p>6) \u73af\u5883\u4e0e\u6c14\u5019--\u6570\u636e\u4e2d\u5fc3\u4e0e\u6570\u5b57\u4ef7\u503c\u521b\u9020<\/p><p>\u76ee\u6807\u5f62\u8c61\u548c\u8ba1\u5212\uff1a<\/p><p>\u5230 2027 \u5e74\u5b9e\u73b0\u51c0\u96f6\u8303\u7574 1+2\uff0c\u53ef\u518d\u751f\u80fd\u6e90\u7535\u529b 100 %\uff08PPA\/I-REC\uff09\uff0cPUE \u2264 1.25\u3002.<\/p><p>\u5168\u5929\u5019\u65e0\u78b3\u80fd\u6e90\u8def\u5f84 (CFE) - \u6bcf\u4e2a\u7535\u7f51\u533a\u57df\u6bcf\u5c0f\u65f6\u5339\u914d\u914d\u989d\uff1b\u80fd\u6e90\u8f6c\u79fb\u548c\u7075\u6d3b\u6027\u3002.<\/p><p>\u8303\u56f4 3 \u7ba1\u7406\uff1a\u786c\u4ef6\u91c7\u8d2d\uff08\u62c6\u5378\u8bbe\u8ba1\u3001\u7ffb\u65b0\uff09\u3001\u65c5\u884c\u3001\u5206\u53d1\uff08\u6570\u5b57\uff09\u3002.<\/p><p>\u6c34\uff1a\u9488\u5bf9\u5177\u4f53\u5730\u70b9\u7684\u7528\u6c34\u7b56\u7565\uff08\u6d4b\u91cf\u3001\u8282\u7ea6\u3001\u5fc5\u8981\u65f6\u91cd\u590d\u4f7f\u7528\uff09\uff0c\u5c24\u5176\u662f\u51b7\u5374\u7528\u6c34\u3002.<\/p><p>\u5e9f\u7269\u4e0e\u5faa\u73af\uff1a\u96f6\u5e9f\u5f03\u7269\u8ba1\u5212\u3001\u7535\u5b50\u5e9f\u5f03\u7269\u56de\u6536\u8ba4\u8bc1\u3001\u8d27\u67b6\u6750\u6599\u62a4\u7167\u3002.<\/p><p>\u8fd1\u671f\u8ba1\u5212 12-24 \u4e2a\u6708\uff1a<\/p><p>\u57fa\u7ebf\uff1a\u80fd\u6e90\uff08\u5343\u74e6\u65f6\uff09\u3001PUE\u3001\u6e29\u5ba4\u6c14\u4f53\u6392\u653e\uff08\u8303\u7574 1-3\uff09\u3001\u6c34\u3001\u5e9f\u7269\uff1b\u51b7\u5374\u5ba1\u8ba1\uff08\u81ea\u7531\u51b7\u5374\/\u7edd\u70ed\u51b7\u5374\/\u6db2\u4f53\u51b7\u5374\uff09\u3002.<\/p><p>\u91c7\u8d2d\uff1a100 % \u7eff\u8272\u80fd\u6e90\uff08PPA\/I-REC\uff09\uff0c\u73b0\u573a\u5149\u4f0f\u53ef\u884c\u6027\uff1b\u8d1f\u8377\u8f6c\u79fb\u5230\u51c0\u96f6\u65f6\u6bb5\u3002.<\/p><p>\u6548\u7387\uff1a\u70ed\/\u51b7\u901a\u9053\u63a7\u5236\u3001\u56fa\u4ef6\/BIOS \u4f18\u5316\u3001\u6839\u636e CO\u2082 \u5f3a\u5ea6\u534f\u8c03\u5de5\u4f5c\u8d1f\u8f7d\u3002.<\/p><p>\u786c\u4ef6\u6218\u7565\uff1a\u5ef6\u957f\u4f7f\u7528\u5bff\u547d\u3001\u53ef\u4fee\u590d\u6027\u3001\u7ffb\u65b0\u7387\u3001\u7ecf\u8ba4\u8bc1\u7684\u7535\u5b50\u5e9f\u7269\u3002.<\/p><p>\u65c5\u884c\/\u6d3b\u52a8\uff1a\u907f\u514d\/\u51cf\u5c11\/\u8865\u507f\uff1b\u9ad8\u8d28\u91cf\u7684\u5269\u4f59\u8865\u507f\u53ea\u80fd\u4f5c\u4e3a\u6700\u540e\u624b\u6bb5\u3002.<\/p><p>7) \u4ea7\u54c1\u4e0e\u4eba\u5de5\u667a\u80fd\u4f26\u7406\uff08\u5a92\u4f53\uff09<\/p><p>\u4eba\u5de5\u667a\u80fd\u7ba1\u7406\u59d4\u5458\u4f1a\uff08\u7f16\u8f91\u3001\u6280\u672f\u3001\u6cd5\u5f8b\u3001\u5408\u89c4\uff09\uff1b\u542f\u7528\u524d\u8fdb\u884c\u4eba\u5de5\u667a\u80fd\u5f71\u54cd\u8bc4\u4f30\u3002.<\/p><p>\u900f\u660e\u5ea6\uff1a\u4eba\u5de5\u667a\u80fd\u751f\u6210\u5185\u5bb9\u7684\u6807\u7b7e\uff1b\u63a8\u8350\u7cfb\u7edf\u7684\u53ef\u89e3\u91ca\u6027\u3002.<\/p><p>\u53cd\u865a\u5047\u4fe1\u606f\uff1a\u4e8b\u5b9e\u6838\u67e5\u7a0b\u5e8f\u3001\u4fe1\u606f\u6765\u6e90\u900f\u660e\u5ea6\u3001\u66f4\u6b63\u516c\u5f00\u767b\u8bb0\u518c\u3002.<\/p><p>\u5e7f\u544a\u900f\u660e\u5ea6\uff1a\u6e05\u6670\u7684\u5e7f\u544a\u6807\u7b7e\uff1b\u4fdd\u62a4\u7f16\u8f91\u72ec\u7acb\u4e8e\u5e7f\u544a\u5229\u76ca\u3002.<\/p><p>8) \u5458\u5de5\u3001\u591a\u6837\u6027\u548c\u5de5\u4f5c\u6587\u5316<\/p><p>DEI \u76ee\u6807\uff1a\u6280\u672f\/\u7f16\u8f91\u65b9\u9762\u7684\u4ee3\u8868\u6027\uff1bEqual-Pay \u8003\u8bd5\uff1b\u5305\u62ec\u9886\u5bfc\u80fd\u529b\u57f9\u8bad\u3002.<\/p><p>\u5065\u5eb7\u4e0e\u5b89\u5168\uff1a\u4eba\u4f53\u5de5\u7a0b\u5b66\u3001\u5fc3\u7406\u5065\u5eb7\uff08\u5168\u5929\u5019\u8f6e\u73ed\uff09\u3001\u65c5\u884c\u5b89\u5168\u3002.<\/p><p>\u8fdb\u4e00\u6b65\u57f9\u8bad\uff1a\u5f3a\u5236\u57f9\u8bad\uff08\u5408\u89c4\u3001\u4eba\u6743\u3001\u6570\u636e\u4fdd\u62a4\u3001\u4eba\u5de5\u667a\u80fd\u4f26\u7406\uff09\u3002.<\/p><p>9) \u5229\u76ca\u76f8\u5173\u8005\u5bf9\u8bdd\u548c\u793e\u4f1a\u8d21\u732e<\/p><p>\u5229\u76ca\u76f8\u5173\u8005\u5730\u56fe\uff1a\u8bfb\u8005\u3001\u5458\u5de5\u3001\u4f9b\u5e94\u5546\u3001\u76d1\u7ba1\u673a\u6784\u3001\u6c11\u95f4\u793e\u4f1a\u3001\u7814\u7a76\u3002.<\/p><p>\u91cd\u8981\u6027\uff08\u53cc\u91cd\u91cd\u8981\u6027\uff09\uff1a\u5a92\u4f53\u4f26\u7406\/\u865a\u5047\u4fe1\u606f\u3001\u6570\u636e\u4fdd\u62a4\u3001\u76f4\u6d41\u7535\u80fd\/\u6392\u653e\u3001\u4f9b\u5e94\u94fe\u3001\u4eba\u5458\u3002.<\/p><p>\u8ba1\u5212\uff1a\u5a92\u4f53\u626b\u76f2\u8bb2\u4e60\u73ed\u3001\u5f00\u653e-Data\/\u8c03\u67e5\u4f19\u4f34\u5173\u7cfb\u3001\u65e0\u969c\u788d\u73af\u5883\u3001\u793e\u533a\u9879\u76ee\u3002.<\/p><p>10) \u76ee\u6807\u548c\u5173\u952e\u6570\u5b57\uff08\u6458\u5f55\uff09<\/p><p>\u76f4\u6d41\u7535\u6df7\u5408\uff1a80 % EE\uff082026 \u5e74\uff09\uff0c100 % \uff082027 \u5e74\uff09 - \u5173\u952e\u7ee9\u6548\u6307\u6807\uff1a% \u53ef\u518d\u751f\u80fd\u6e90\uff1bCFE \u6bcf\u5c0f\u65f6\u989d\u5916\u914d\u989d\u3002.<\/p><p>\u6570\u636e\u4e2d\u5fc3 PUE\uff1a\u2264 1.30\uff082026 \u5e74\uff09\uff0c\u2264 1.25\uff082027 \u5e74\uff09\uff0c\u2264 1.20\uff082030 \u5e74\uff09\u3002.<\/p><p>\u8303\u56f4 1+2\uff1a\u4e0e 2024 \u5e74\uff082026 \u5e74\uff09\u76f8\u6bd4-70 %\uff0c\u51c0\u503c\u4e3a\u96f6\uff082027 \u5e74\uff09--\u5173\u952e\u7ee9\u6548\u6307\u6807\uff1atCO\u2082e\u3002.<\/p><p>\u8303\u56f4 3\uff1a-20 %\uff082026 \u5e74\uff09\u3001-35 %\uff082028 \u5e74\uff09\u3001-50 %\uff082030 \u5e74\uff09--\u5173\u952e\u7ee9\u6548\u6307\u6807\uff1atCO\u2082e\u3002.<\/p><p>\u4f9b\u5e94\u5546\u4ee3\u7801\u9a8c\u6536\uff1a100 %\uff08Y1\uff09\uff1b\u9ad8\u98ce\u9669\u5ba1\u6838\uff1a90 %\uff08Y2\uff09\u3002.<\/p><p>\u4e3e\u62a5\u4e2d\u4f4d\u6570\uff1a&lt; 14 \u5929\uff082027\uff09\u3002.<\/p><p>\u5f71\u54cd\u8bc4\u4f30\u7684\u4eba\u5de5\u667a\u80fd\u7528\u4f8b\uff1a100 %.<\/p><p>11) \u62a5\u544a\u6807\u51c6\u548c\u4fdd\u8bc1<\/p><p>\u5168\u7403\u62a5\u544a\u5021\u8bae\u7ec4\u7ec7\uff08\u6838\u5fc3\uff09\u3001TCFD\/IFRS-S2\uff08\u6c14\u5019\u98ce\u9669\uff09\u3001\u6e29\u5ba4\u6c14\u4f53\u8bae\u5b9a\u4e66\uff1bCSRD\/ESRS\uff08\u6b27\u76df\u5206\u7c7b\u6cd5\uff09\u524d\u666f\u5c55\u671b\u3002.<\/p><p>\u5916\u90e8\u6709\u9650\u4fdd\u8bc1\uff08\u6392\u653e\u3001\u80fd\u6e90\u3001\u6c34\u3001\u5e9f\u7269\uff09\uff0c\u4e4b\u540e\u662f\u5408\u7406\u4fdd\u8bc1\u3002.<\/p><p>\u5e74\u5ea6\u51fa\u7248\u7269\uff1aESG \u62a5\u544a\u3001\u78b3\u6392\u653e\u62a5\u544a\uff08\u65b9\u6cd5\u3001\u57fa\u51c6\u3001\u8fdb\u5c55\uff09\u3002.<\/p><p>12) 0-24 \u4e2a\u6708\u8def\u7ebf\u56fe<\/p><p>0-6 \u4e2a\u6708\uff1a<\/p><p>\u6392\u653e\/\u80fd\u6e90\/\u6c34\/\u5e9f\u7269\u6e05\u5355\uff1b\u4f9b\u5e94\u5546\u540d\u5355\u548c\u98ce\u9669\u8bc4\u5206\u3002.<\/p><p>\u51fa\u7248\u7269\uff1a\u300a\u884c\u4e3a\u51c6\u5219\u300b\u3001\u300a\u4f9b\u5e94\u5546\u51c6\u5219\u300b\u3001\u300a\u73af\u5883\u653f\u7b56\u300b\u3001\u300a\u4eba\u6743\u653f\u7b56\u300b\u3001\u300a\u4eba\u5de5\u667a\u80fd\u4f26\u7406\u300b\uff08\u591a\u8bed\u79cd\uff09\u3002.<\/p><p>\u6210\u7acb ESG \u59d4\u5458\u4f1a\uff1b\u786e\u5b9a\u53ef\u6301\u7eed\u53d1\u5c55\u8d1f\u8d23\u4eba\u548c\u5de5\u4f5c\u6d41\u3002.<\/p><p>\u76f4\u6d41\u7535\u7acb\u5373\u91c7\u53d6\u7684\u63aa\u65bd\uff1a\u6548\u7387\u68c0\u67e5\uff1b\u8bc4\u4f30 PPA\/I-REC \u65b9\u6848\u3002.<\/p><p>6-12 \u4e2a\u6708<\/p><p>\u4f9b\u5e94\u5546\u5ba1\u8ba1\u548c\u8865\u6551\u8ba1\u5212\uff1b\u5e74\u5ea6 LkSG\/\u5408\u89c4\u62a5\u544a\u3002.<\/p><p>\u78b3\u8ba1\u5212\uff08\u51cf\u6392\u8def\u5f84\uff09+\u9996\u6b21\u6392\u653e\u66f4\u65b0\uff1b\u542f\u52a8\u6c34\/\u5e9f\u7269\u8ba1\u5212\u3002.<\/p><p>\u5bf9\u4eba\u5de5\u667a\u80fd\u751f\u4ea7\u529f\u80fd\uff08\u7ffb\u8bd1\u3001\u63a8\u8350\u3001\u56fe\u50cf\/\u89c6\u9891\uff09\u8fdb\u884c\u4eba\u5de5\u667a\u80fd\u5f71\u54cd\u8bc4\u4f30\u3002.<\/p><p>12-24 \u4e2a\u6708\uff1a<\/p><p>\u51c6\u5907 ISO 27001 \u8ba4\u8bc1\uff1b\u6269\u5927\u57f9\u8bad\u961f\u4f0d\u3002.<\/p><p>\u6269\u5927\u793e\u4f1a\u5f71\u54cd\u8ba1\u5212\uff1b\u6709\u9650\u4fdd\u8bc1\uff1b\u7f16\u5236 CSRD\/ESRS\u3002.<\/p><p>13) \u5a92\u4f53\u4e13\u7528\u529f\u80fd<\/p><p>\u76d1\u5bdf\u5458\u548c\u66f4\u6b63\u767b\u8bb0\uff1b\u4fdd\u62a4\u6d88\u606f\u6765\u6e90\u548c\u4e3e\u62a5\u4eba\u3002.<\/p><p>\u53ef\u8bbf\u95ee\u6027\uff08WCAG 2.2 AA\uff09\uff1a\u5bf9\u6bd4\u5ea6\u3001\u952e\u76d8\u3001\u5c4f\u5e55\u9605\u8bfb\u5668\u3001\u5b57\u5e55\u6807\u51c6\uff1b\u591a\u8bed\u79cd\u3002.<\/p><p>\u6570\u5b57\u6c14\u5019\u5f71\u54cd\uff1a\u4f5c\u4e3a\u6392\u653e\u6760\u6746\u7684\u7f51\u7edc\u6027\u80fd\uff08\u6838\u5fc3\u7f51\u7edc\u8981\u7d20\uff09\uff1b\u9ad8\u6548\u7684 CDN\uff1b\u7f13\u5b58\u3002.<\/p>\t\t\t\t\t\t\t\t<\/div>\n\t\t\t\t\t<\/div>\n\t\t\t\t<\/div>\n\t\t\t\t<\/div>","protected":false},"excerpt":{"rendered":"<p>Sustainability (Langfassung 2025) Nachhaltigkeitsstrategie der LEGIER MEDIENGRUPPE \u2013 Langfassung 2025 Arbeitsdokument \u2013 strukturierte, ausf\u00fchrliche Darstellung der ESG-Agenda der LEGIER MEDIENGRUPPE\u00a0(deutsch). Grundlage ist die vorliegende interne Darstellung sowie \u00f6ffentlich zug\u00e4ngliche Inhalte der LEGIER-Webseiten und Best Practices gro\u00dfer Unternehmen (Microsoft, Google\/Alphabet, Amazon, Siemens). Executive Summary LEGIER positioniert sich als globales Medienhaus mit 115 Tageszeitungen, starker digitaler Ausrichtung [&hellip;]<\/p>\n","protected":false},"author":1,"featured_media":0,"parent":0,"menu_order":0,"comment_status":"closed","ping_status":"closed","template":"","meta":{"footnotes":""},"class_list":["post-716","page","type-page","status-publish","hentry"],"_links":{"self":[{"href":"https:\/\/legiergroup.info\/zh\/wp-json\/wp\/v2\/pages\/716","targetHints":{"allow":["GET"]}}],"collection":[{"href":"https:\/\/legiergroup.info\/zh\/wp-json\/wp\/v2\/pages"}],"about":[{"href":"https:\/\/legiergroup.info\/zh\/wp-json\/wp\/v2\/types\/page"}],"author":[{"embeddable":true,"href":"https:\/\/legiergroup.info\/zh\/wp-json\/wp\/v2\/users\/1"}],"replies":[{"embeddable":true,"href":"https:\/\/legiergroup.info\/zh\/wp-json\/wp\/v2\/comments?post=716"}],"version-history":[{"count":11,"href":"https:\/\/legiergroup.info\/zh\/wp-json\/wp\/v2\/pages\/716\/revisions"}],"predecessor-version":[{"id":1824,"href":"https:\/\/legiergroup.info\/zh\/wp-json\/wp\/v2\/pages\/716\/revisions\/1824"}],"wp:attachment":[{"href":"https:\/\/legiergroup.info\/zh\/wp-json\/wp\/v2\/media?parent=716"}],"curies":[{"name":"wp","href":"https:\/\/api.w.org\/{rel}","templated":true}]}}